{"id":113,"date":"2020-01-29T15:49:34","date_gmt":"2020-01-29T14:49:34","guid":{"rendered":"http:\/\/www.batimeo.com\/?page_id=113"},"modified":"2025-05-09T01:05:24","modified_gmt":"2025-05-08T23:05:24","slug":"renovation","status":"publish","type":"page","link":"https:\/\/www.batimeo.com\/?page_id=113","title":{"rendered":"PROJET CLE EN MAIN DE VOS INSTALLATIONS IRVE."},"content":{"rendered":"\t\t<div data-elementor-type=\"wp-page\" data-elementor-id=\"113\" class=\"elementor elementor-113\">\n\t\t\t\t<div class=\"elementor-element elementor-element-4b8491c e-grid e-con-boxed e-con e-parent\" data-id=\"4b8491c\" data-element_type=\"container\" data-e-type=\"container\">\n\t\t\t\t\t<div class=\"e-con-inner\">\n\t\t\t\t<div class=\"elementor-element elementor-element-4894583 elementor-widget elementor-widget-image\" data-id=\"4894583\" data-element_type=\"widget\" data-e-type=\"widget\" data-widget_type=\"image.default\">\n\t\t\t\t<div class=\"elementor-widget-container\">\n\t\t\t\t\t\t\t\t\t\t\t\t\t\t\t<img fetchpriority=\"high\" decoding=\"async\" width=\"768\" height=\"1024\" src=\"https:\/\/www.batimeo.com\/wp-content\/uploads\/2022\/10\/IMG_3676-768x1024.jpg\" class=\"attachment-large size-large wp-image-299\" alt=\"\" srcset=\"https:\/\/www.batimeo.com\/wp-content\/uploads\/2022\/10\/IMG_3676-768x1024.jpg 768w, https:\/\/www.batimeo.com\/wp-content\/uploads\/2022\/10\/IMG_3676-225x300.jpg 225w, https:\/\/www.batimeo.com\/wp-content\/uploads\/2022\/10\/IMG_3676-1152x1536.jpg 1152w, https:\/\/www.batimeo.com\/wp-content\/uploads\/2022\/10\/IMG_3676-1536x2048.jpg 1536w, https:\/\/www.batimeo.com\/wp-content\/uploads\/2022\/10\/IMG_3676-scaled.jpg 1920w\" sizes=\"(max-width: 768px) 100vw, 768px\" \/>\t\t\t\t\t\t\t\t\t\t\t\t\t\t\t<\/div>\n\t\t\t\t<\/div>\n\t\t\t\t<div class=\"elementor-element elementor-element-8cc0979 elementor-widget elementor-widget-image\" data-id=\"8cc0979\" data-element_type=\"widget\" data-e-type=\"widget\" data-widget_type=\"image.default\">\n\t\t\t\t<div class=\"elementor-widget-container\">\n\t\t\t\t\t\t\t\t\t\t\t\t\t\t\t<img decoding=\"async\" width=\"768\" height=\"1024\" src=\"https:\/\/www.batimeo.com\/wp-content\/uploads\/2022\/10\/IMG_3683-768x1024.jpg\" class=\"attachment-large size-large wp-image-302\" alt=\"\" srcset=\"https:\/\/www.batimeo.com\/wp-content\/uploads\/2022\/10\/IMG_3683-768x1024.jpg 768w, https:\/\/www.batimeo.com\/wp-content\/uploads\/2022\/10\/IMG_3683-225x300.jpg 225w, https:\/\/www.batimeo.com\/wp-content\/uploads\/2022\/10\/IMG_3683-1152x1536.jpg 1152w, https:\/\/www.batimeo.com\/wp-content\/uploads\/2022\/10\/IMG_3683-1536x2048.jpg 1536w, https:\/\/www.batimeo.com\/wp-content\/uploads\/2022\/10\/IMG_3683-scaled.jpg 1920w\" sizes=\"(max-width: 768px) 100vw, 768px\" \/>\t\t\t\t\t\t\t\t\t\t\t\t\t\t\t<\/div>\n\t\t\t\t<\/div>\n\t\t\t\t<div class=\"elementor-element elementor-element-f0ffe58 elementor-widget elementor-widget-image\" data-id=\"f0ffe58\" data-element_type=\"widget\" data-e-type=\"widget\" data-widget_type=\"image.default\">\n\t\t\t\t<div class=\"elementor-widget-container\">\n\t\t\t\t\t\t\t\t\t\t\t\t\t\t\t<img decoding=\"async\" width=\"768\" height=\"1024\" src=\"https:\/\/www.batimeo.com\/wp-content\/uploads\/2022\/10\/IMG_3667-768x1024.jpg\" class=\"attachment-large size-large wp-image-301\" alt=\"\" srcset=\"https:\/\/www.batimeo.com\/wp-content\/uploads\/2022\/10\/IMG_3667-768x1024.jpg 768w, https:\/\/www.batimeo.com\/wp-content\/uploads\/2022\/10\/IMG_3667-225x300.jpg 225w, https:\/\/www.batimeo.com\/wp-content\/uploads\/2022\/10\/IMG_3667-1152x1536.jpg 1152w, https:\/\/www.batimeo.com\/wp-content\/uploads\/2022\/10\/IMG_3667-1536x2048.jpg 1536w, https:\/\/www.batimeo.com\/wp-content\/uploads\/2022\/10\/IMG_3667-scaled.jpg 1920w\" sizes=\"(max-width: 768px) 100vw, 768px\" \/>\t\t\t\t\t\t\t\t\t\t\t\t\t\t\t<\/div>\n\t\t\t\t<\/div>\n\t\t\t\t\t<\/div>\n\t\t\t\t<\/div>\n\t\t<div class=\"elementor-element elementor-element-dc593cc e-flex e-con-boxed e-con e-parent\" data-id=\"dc593cc\" data-element_type=\"container\" data-e-type=\"container\">\n\t\t\t\t\t<div class=\"e-con-inner\">\n\t\t<div class=\"elementor-element elementor-element-14ca7b0 e-con-full e-flex e-con e-child\" data-id=\"14ca7b0\" data-element_type=\"container\" data-e-type=\"container\">\n\t\t\t\t<div class=\"elementor-element elementor-element-3308b41 elementor-widget elementor-widget-text-editor\" data-id=\"3308b41\" data-element_type=\"widget\" data-e-type=\"widget\" data-widget_type=\"text-editor.default\">\n\t\t\t\t<div class=\"elementor-widget-container\">\n\t\t\t\t\t\t\t\t\t<figure class=\"wp-block-image aligncenter size-full is-resized\"><img loading=\"lazy\" decoding=\"async\" class=\"wp-image-341\" src=\"https:\/\/www.batimeo.com\/wp-content\/uploads\/2022\/10\/irve_batimeo.png\" alt=\"\" width=\"229\" height=\"229\" srcset=\"https:\/\/www.batimeo.com\/wp-content\/uploads\/2022\/10\/irve_batimeo.png 300w, https:\/\/www.batimeo.com\/wp-content\/uploads\/2022\/10\/irve_batimeo-150x150.png 150w\" sizes=\"(max-width: 229px) 100vw, 229px\" \/><\/figure>\n<p><!-- \/wp:image --><\/p>\n<p><!-- wp:embed {\"url\":\"https:\/\/www.youtube.com\/watch?v=lbENYvIPqdE\",\"type\":\"video\",\"providerNameSlug\":\"youtube\",\"responsive\":true,\"className\":\"wp-embed-aspect-16-9 wp-has-aspect-ratio\"} --><\/p>\n<figure class=\"wp-block-embed is-type-video is-provider-youtube wp-block-embed-youtube wp-embed-aspect-16-9 wp-has-aspect-ratio\">\n<div class=\"wp-block-embed__wrapper\">\u00a0<\/div>\n<\/figure>\n<p><!-- \/wp:embed --><\/p>\n<p><!-- wp:paragraph --><\/p>\n<p>\u00a0<\/p>\n<p><!-- \/wp:paragraph --><\/p>\t\t\t\t\t\t\t\t<\/div>\n\t\t\t\t<\/div>\n\t\t\t\t<div class=\"elementor-element elementor-element-fc30bfe elementor-widget elementor-widget-image\" data-id=\"fc30bfe\" data-element_type=\"widget\" data-e-type=\"widget\" data-widget_type=\"image.default\">\n\t\t\t\t<div class=\"elementor-widget-container\">\n\t\t\t\t\t\t\t\t\t\t\t\t\t\t\t<img loading=\"lazy\" decoding=\"async\" width=\"923\" height=\"692\" src=\"https:\/\/www.batimeo.com\/wp-content\/uploads\/2022\/10\/IMG_3678-1024x768.jpg\" class=\"attachment-large size-large wp-image-300\" alt=\"\" srcset=\"https:\/\/www.batimeo.com\/wp-content\/uploads\/2022\/10\/IMG_3678-1024x768.jpg 1024w, https:\/\/www.batimeo.com\/wp-content\/uploads\/2022\/10\/IMG_3678-300x225.jpg 300w, https:\/\/www.batimeo.com\/wp-content\/uploads\/2022\/10\/IMG_3678-768x576.jpg 768w, https:\/\/www.batimeo.com\/wp-content\/uploads\/2022\/10\/IMG_3678-1536x1152.jpg 1536w, https:\/\/www.batimeo.com\/wp-content\/uploads\/2022\/10\/IMG_3678-2048x1536.jpg 2048w\" sizes=\"(max-width: 923px) 100vw, 923px\" \/>\t\t\t\t\t\t\t\t\t\t\t\t\t\t\t<\/div>\n\t\t\t\t<\/div>\n\t\t\t\t<\/div>\n\t\t<div class=\"elementor-element elementor-element-9f0f20a e-con-full e-flex e-con e-child\" data-id=\"9f0f20a\" data-element_type=\"container\" data-e-type=\"container\">\n\t\t\t\t<div class=\"elementor-element elementor-element-525bf55 elementor-widget elementor-widget-text-editor\" data-id=\"525bf55\" data-element_type=\"widget\" data-e-type=\"widget\" data-widget_type=\"text-editor.default\">\n\t\t\t\t<div class=\"elementor-widget-container\">\n\t\t\t\t\t\t\t\t\t<p><strong style=\"letter-spacing: 0px;\">Un projet ? Appelez-nous !<\/strong><\/p>\n<p><img decoding=\"async\" class=\"emoji\" role=\"img\" draggable=\"false\" src=\"https:\/\/s.w.org\/images\/core\/emoji\/15.1.0\/svg\/1f4de.svg\" alt=\"\ud83d\udcde\" \/> 01 45 10 55 52 \u2013 <img decoding=\"async\" class=\"emoji\" role=\"img\" draggable=\"false\" src=\"https:\/\/s.w.org\/images\/core\/emoji\/15.1.0\/svg\/2709.svg\" alt=\"\u2709\ufe0f\" \/> <a href=\"mailto:info@batimeo.com\">info@batimeo.com<\/a><\/p>\n<p>Face \u00e0 la <strong>mont\u00e9e en puissance de la mobilit\u00e9 \u00e9lectrique<\/strong>, <strong>BATIMEO<\/strong> a \u00e9largi son champ de comp\u00e9tences en se formant et en certifiant son personnel pour l\u2019installation d\u2019<strong>infrastructures de recharge pour v\u00e9hicules \u00e9lectriques (IRVE)<\/strong>, qu\u2019il s\u2019agisse de <strong>bornes classiques<\/strong> ou de <strong>chargeurs haute puissance<\/strong> adapt\u00e9s aux autoroutes fran\u00e7aises.<\/p>\n<p>Nous proposons une <strong>prestation cl\u00e9 en main<\/strong>, depuis l\u2019\u00e9tude de faisabilit\u00e9 jusqu\u2019\u00e0 la mise en service des bornes. Notre accompagnement comprend :<\/p>\n<ul>\n<li>\n<p>Une <strong>visite technique sur site<\/strong> pour \u00e9valuer les besoins en points de charge ;<\/p>\n<\/li>\n<li>\n<p>L\u2019analyse de la puissance disponible au <strong>Point de Livraison (PDL)<\/strong>, avec, si n\u00e9cessaire, la <strong>demande de tarif d\u00e9di\u00e9<\/strong> ;<\/p>\n<\/li>\n<li>\n<p>La r\u00e9alisation de <strong>relev\u00e9s terrain<\/strong> (APS\/APD), la <strong>note de calcul<\/strong>, le <strong>dimensionnement de l\u2019armoire \u00e9lectrique<\/strong>, des c\u00e2bles, et le choix des bornes adapt\u00e9es ;<\/p>\n<\/li>\n<li>\n<p>La cr\u00e9ation de tous les <strong>plans et sch\u00e9mas \u00e9lectriques<\/strong> n\u00e9cessaires pour finaliser un <strong>chiffrage pr\u00e9cis<\/strong> de l\u2019installation.<\/p>\n<\/li>\n<\/ul>\n<p>BATIMEO prend \u00e9galement en charge l\u2019ensemble des <strong>d\u00e9marches administratives<\/strong> : demande de tarif aupr\u00e8s des fournisseurs d\u2019\u00e9nergie, <strong>subventions et primes<\/strong>, <strong>DICT<\/strong> pour les travaux de g\u00e9nie civil, etc.<\/p>\t\t\t\t\t\t\t\t<\/div>\n\t\t\t\t<\/div>\n\t\t\t\t<\/div>\n\t\t\t\t\t<\/div>\n\t\t\t\t<\/div>\n\t\t<div class=\"elementor-element elementor-element-29fb9de e-grid e-con-boxed e-con e-parent\" data-id=\"29fb9de\" data-element_type=\"container\" data-e-type=\"container\">\n\t\t\t\t\t<div class=\"e-con-inner\">\n\t\t\t\t<div class=\"elementor-element elementor-element-2608429 elementor-widget elementor-widget-heading\" data-id=\"2608429\" data-element_type=\"widget\" data-e-type=\"widget\" data-widget_type=\"heading.default\">\n\t\t\t\t<div class=\"elementor-widget-container\">\n\t\t\t\t\t<h2 class=\"elementor-heading-title elementor-size-default\">Batimeo installateur ADVENIR<\/h2>\t\t\t\t<\/div>\n\t\t\t\t<\/div>\n\t\t\t\t<div class=\"elementor-element elementor-element-8f51e41 elementor-widget elementor-widget-text-editor\" data-id=\"8f51e41\" data-element_type=\"widget\" data-e-type=\"widget\" data-widget_type=\"text-editor.default\">\n\t\t\t\t<div class=\"elementor-widget-container\">\n\t\t\t\t\t\t\t\t\t<p><strong>Nos \u00e9lectriciens certifi\u00e9s I.R.V.E.<\/strong><\/p>\t\t\t\t\t\t\t\t<\/div>\n\t\t\t\t<\/div>\n\t\t\t\t\t<\/div>\n\t\t\t\t<\/div>\n\t\t<div class=\"elementor-element elementor-element-3ae64e1e e-flex e-con-boxed e-con e-parent\" data-id=\"3ae64e1e\" data-element_type=\"container\" data-e-type=\"container\">\n\t\t\t\t\t<div class=\"e-con-inner\">\n\t\t\t\t<div class=\"elementor-element elementor-element-3cf18e1 elementor-widget elementor-widget-video\" data-id=\"3cf18e1\" data-element_type=\"widget\" data-e-type=\"widget\" data-settings=\"{&quot;youtube_url&quot;:&quot;https:\\\/\\\/www.youtube.com\\\/watch?v=lbENYvIPqdE&quot;,&quot;video_type&quot;:&quot;youtube&quot;,&quot;controls&quot;:&quot;yes&quot;}\" data-widget_type=\"video.default\">\n\t\t\t\t<div class=\"elementor-widget-container\">\n\t\t\t\t\t\t\t<div class=\"elementor-wrapper elementor-open-inline\">\n\t\t\t<div class=\"elementor-video\"><\/div>\t\t<\/div>\n\t\t\t\t\t\t<\/div>\n\t\t\t\t<\/div>\n\t\t\t\t\t<\/div>\n\t\t\t\t<\/div>\n\t\t\t\t<\/div>\n\t\t","protected":false},"excerpt":{"rendered":"<p>\u00a0 \u00a0 Un projet ? Appelez-nous ! 01 45 10 55 52 \u2013 info@batimeo.com Face \u00e0 la mont\u00e9e en puissance de la mobilit\u00e9 \u00e9lectrique, BATIMEO a \u00e9largi son champ de comp\u00e9tences en se formant et en certifiant son personnel pour l\u2019installation d\u2019infrastructures de recharge pour v\u00e9hicules \u00e9lectriques (IRVE), qu\u2019il s\u2019agisse de bornes classiques ou de&hellip;<\/p>\n","protected":false},"author":1,"featured_media":0,"parent":37,"menu_order":0,"comment_status":"closed","ping_status":"closed","template":"","meta":{"footnotes":""},"class_list":["post-113","page","type-page","status-publish","hentry"],"yoast_head":"<!-- This site is optimized with the Yoast SEO plugin v25.0 - https:\/\/yoast.com\/wordpress\/plugins\/seo\/ -->\n<title>PROJET CLE EN MAIN DE VOS INSTALLATIONS IRVE. - Bienvenue chez Batimeo<\/title>\n<meta name=\"robots\" content=\"index, follow, max-snippet:-1, max-image-preview:large, max-video-preview:-1\" \/>\n<link rel=\"canonical\" href=\"https:\/\/www.batimeo.com\/?page_id=113\" \/>\n<meta property=\"og:locale\" content=\"fr_FR\" \/>\n<meta property=\"og:type\" content=\"article\" \/>\n<meta property=\"og:title\" content=\"PROJET CLE EN MAIN DE VOS INSTALLATIONS IRVE. - Bienvenue chez Batimeo\" \/>\n<meta property=\"og:description\" content=\"\u00a0 \u00a0 Un projet ? Appelez-nous ! 01 45 10 55 52 \u2013 info@batimeo.com Face \u00e0 la mont\u00e9e en puissance de la mobilit\u00e9 \u00e9lectrique, BATIMEO a \u00e9largi son champ de comp\u00e9tences en se formant et en certifiant son personnel pour l\u2019installation d\u2019infrastructures de recharge pour v\u00e9hicules \u00e9lectriques (IRVE), qu\u2019il s\u2019agisse de bornes classiques ou de&hellip;\" \/>\n<meta property=\"og:url\" content=\"https:\/\/www.batimeo.com\/?page_id=113\" \/>\n<meta property=\"og:site_name\" content=\"Bienvenue chez Batimeo\" \/>\n<meta property=\"article:modified_time\" content=\"2025-05-08T23:05:24+00:00\" \/>\n<meta property=\"og:image\" content=\"https:\/\/www.batimeo.com\/wp-content\/uploads\/2022\/10\/IMG_3676-scaled.jpg\" \/>\n\t<meta property=\"og:image:width\" content=\"1920\" \/>\n\t<meta property=\"og:image:height\" content=\"2560\" \/>\n\t<meta property=\"og:image:type\" content=\"image\/jpeg\" \/>\n<meta name=\"twitter:card\" content=\"summary_large_image\" \/>\n<meta name=\"twitter:label1\" content=\"Dur\u00e9e de lecture estim\u00e9e\" \/>\n\t<meta name=\"twitter:data1\" content=\"3 minutes\" \/>\n<script type=\"application\/ld+json\" class=\"yoast-schema-graph\">{\"@context\":\"https:\/\/schema.org\",\"@graph\":[{\"@type\":\"WebPage\",\"@id\":\"https:\/\/www.batimeo.com\/?page_id=113\",\"url\":\"https:\/\/www.batimeo.com\/?page_id=113\",\"name\":\"PROJET CLE EN MAIN DE VOS INSTALLATIONS IRVE. - Bienvenue chez Batimeo\",\"isPartOf\":{\"@id\":\"https:\/\/www.batimeo.com\/#website\"},\"primaryImageOfPage\":{\"@id\":\"https:\/\/www.batimeo.com\/?page_id=113#primaryimage\"},\"image\":{\"@id\":\"https:\/\/www.batimeo.com\/?page_id=113#primaryimage\"},\"thumbnailUrl\":\"https:\/\/www.batimeo.com\/wp-content\/uploads\/2022\/10\/IMG_3676-768x1024.jpg\",\"datePublished\":\"2020-01-29T14:49:34+00:00\",\"dateModified\":\"2025-05-08T23:05:24+00:00\",\"breadcrumb\":{\"@id\":\"https:\/\/www.batimeo.com\/?page_id=113#breadcrumb\"},\"inLanguage\":\"fr-FR\",\"potentialAction\":[{\"@type\":\"ReadAction\",\"target\":[\"https:\/\/www.batimeo.com\/?page_id=113\"]}]},{\"@type\":\"ImageObject\",\"inLanguage\":\"fr-FR\",\"@id\":\"https:\/\/www.batimeo.com\/?page_id=113#primaryimage\",\"url\":\"https:\/\/www.batimeo.com\/wp-content\/uploads\/2022\/10\/IMG_3676-scaled.jpg\",\"contentUrl\":\"https:\/\/www.batimeo.com\/wp-content\/uploads\/2022\/10\/IMG_3676-scaled.jpg\",\"width\":1920,\"height\":2560},{\"@type\":\"BreadcrumbList\",\"@id\":\"https:\/\/www.batimeo.com\/?page_id=113#breadcrumb\",\"itemListElement\":[{\"@type\":\"ListItem\",\"position\":1,\"name\":\"Accueil\",\"item\":\"https:\/\/www.batimeo.com\/\"},{\"@type\":\"ListItem\",\"position\":2,\"name\":\"BATIMEO pour vos am\u00e9nagements T\u00e9l\u00e9coms et Installation de borne \u00e9lectrique.\",\"item\":\"https:\/\/www.batimeo.com\/?page_id=37\"},{\"@type\":\"ListItem\",\"position\":3,\"name\":\"PROJET CLE EN MAIN DE VOS INSTALLATIONS IRVE.\"}]},{\"@type\":\"WebSite\",\"@id\":\"https:\/\/www.batimeo.com\/#website\",\"url\":\"https:\/\/www.batimeo.com\/\",\"name\":\"Batimeo.com\",\"description\":\"Une \u00e9quipe de professionnels \u00e0 votre \u00e9coute.\",\"publisher\":{\"@id\":\"https:\/\/www.batimeo.com\/#organization\"},\"potentialAction\":[{\"@type\":\"SearchAction\",\"target\":{\"@type\":\"EntryPoint\",\"urlTemplate\":\"https:\/\/www.batimeo.com\/?s={search_term_string}\"},\"query-input\":{\"@type\":\"PropertyValueSpecification\",\"valueRequired\":true,\"valueName\":\"search_term_string\"}}],\"inLanguage\":\"fr-FR\"},{\"@type\":\"Organization\",\"@id\":\"https:\/\/www.batimeo.com\/#organization\",\"name\":\"Batimeo\",\"url\":\"https:\/\/www.batimeo.com\/\",\"logo\":{\"@type\":\"ImageObject\",\"inLanguage\":\"fr-FR\",\"@id\":\"https:\/\/www.batimeo.com\/#\/schema\/logo\/image\/\",\"url\":\"https:\/\/www.batimeo.com\/wp-content\/uploads\/2022\/10\/logo-batimeo_email.jpg\",\"contentUrl\":\"https:\/\/www.batimeo.com\/wp-content\/uploads\/2022\/10\/logo-batimeo_email.jpg\",\"width\":113,\"height\":37,\"caption\":\"Batimeo\"},\"image\":{\"@id\":\"https:\/\/www.batimeo.com\/#\/schema\/logo\/image\/\"}}]}<\/script>\n<!-- \/ Yoast SEO plugin. -->","yoast_head_json":{"title":"PROJET CLE EN MAIN DE VOS INSTALLATIONS IRVE. - Bienvenue chez Batimeo","robots":{"index":"index","follow":"follow","max-snippet":"max-snippet:-1","max-image-preview":"max-image-preview:large","max-video-preview":"max-video-preview:-1"},"canonical":"https:\/\/www.batimeo.com\/?page_id=113","og_locale":"fr_FR","og_type":"article","og_title":"PROJET CLE EN MAIN DE VOS INSTALLATIONS IRVE. - Bienvenue chez Batimeo","og_description":"\u00a0 \u00a0 Un projet ? Appelez-nous ! 01 45 10 55 52 \u2013 info@batimeo.com Face \u00e0 la mont\u00e9e en puissance de la mobilit\u00e9 \u00e9lectrique, BATIMEO a \u00e9largi son champ de comp\u00e9tences en se formant et en certifiant son personnel pour l\u2019installation d\u2019infrastructures de recharge pour v\u00e9hicules \u00e9lectriques (IRVE), qu\u2019il s\u2019agisse de bornes classiques ou de&hellip;","og_url":"https:\/\/www.batimeo.com\/?page_id=113","og_site_name":"Bienvenue chez Batimeo","article_modified_time":"2025-05-08T23:05:24+00:00","og_image":[{"width":1920,"height":2560,"url":"https:\/\/www.batimeo.com\/wp-content\/uploads\/2022\/10\/IMG_3676-scaled.jpg","type":"image\/jpeg"}],"twitter_card":"summary_large_image","twitter_misc":{"Dur\u00e9e de lecture estim\u00e9e":"3 minutes"},"schema":{"@context":"https:\/\/schema.org","@graph":[{"@type":"WebPage","@id":"https:\/\/www.batimeo.com\/?page_id=113","url":"https:\/\/www.batimeo.com\/?page_id=113","name":"PROJET CLE EN MAIN DE VOS INSTALLATIONS IRVE. - Bienvenue chez Batimeo","isPartOf":{"@id":"https:\/\/www.batimeo.com\/#website"},"primaryImageOfPage":{"@id":"https:\/\/www.batimeo.com\/?page_id=113#primaryimage"},"image":{"@id":"https:\/\/www.batimeo.com\/?page_id=113#primaryimage"},"thumbnailUrl":"https:\/\/www.batimeo.com\/wp-content\/uploads\/2022\/10\/IMG_3676-768x1024.jpg","datePublished":"2020-01-29T14:49:34+00:00","dateModified":"2025-05-08T23:05:24+00:00","breadcrumb":{"@id":"https:\/\/www.batimeo.com\/?page_id=113#breadcrumb"},"inLanguage":"fr-FR","potentialAction":[{"@type":"ReadAction","target":["https:\/\/www.batimeo.com\/?page_id=113"]}]},{"@type":"ImageObject","inLanguage":"fr-FR","@id":"https:\/\/www.batimeo.com\/?page_id=113#primaryimage","url":"https:\/\/www.batimeo.com\/wp-content\/uploads\/2022\/10\/IMG_3676-scaled.jpg","contentUrl":"https:\/\/www.batimeo.com\/wp-content\/uploads\/2022\/10\/IMG_3676-scaled.jpg","width":1920,"height":2560},{"@type":"BreadcrumbList","@id":"https:\/\/www.batimeo.com\/?page_id=113#breadcrumb","itemListElement":[{"@type":"ListItem","position":1,"name":"Accueil","item":"https:\/\/www.batimeo.com\/"},{"@type":"ListItem","position":2,"name":"BATIMEO pour vos am\u00e9nagements T\u00e9l\u00e9coms et Installation de borne \u00e9lectrique.","item":"https:\/\/www.batimeo.com\/?page_id=37"},{"@type":"ListItem","position":3,"name":"PROJET CLE EN MAIN DE VOS INSTALLATIONS IRVE."}]},{"@type":"WebSite","@id":"https:\/\/www.batimeo.com\/#website","url":"https:\/\/www.batimeo.com\/","name":"Batimeo.com","description":"Une \u00e9quipe de professionnels \u00e0 votre \u00e9coute.","publisher":{"@id":"https:\/\/www.batimeo.com\/#organization"},"potentialAction":[{"@type":"SearchAction","target":{"@type":"EntryPoint","urlTemplate":"https:\/\/www.batimeo.com\/?s={search_term_string}"},"query-input":{"@type":"PropertyValueSpecification","valueRequired":true,"valueName":"search_term_string"}}],"inLanguage":"fr-FR"},{"@type":"Organization","@id":"https:\/\/www.batimeo.com\/#organization","name":"Batimeo","url":"https:\/\/www.batimeo.com\/","logo":{"@type":"ImageObject","inLanguage":"fr-FR","@id":"https:\/\/www.batimeo.com\/#\/schema\/logo\/image\/","url":"https:\/\/www.batimeo.com\/wp-content\/uploads\/2022\/10\/logo-batimeo_email.jpg","contentUrl":"https:\/\/www.batimeo.com\/wp-content\/uploads\/2022\/10\/logo-batimeo_email.jpg","width":113,"height":37,"caption":"Batimeo"},"image":{"@id":"https:\/\/www.batimeo.com\/#\/schema\/logo\/image\/"}}]}},"_links":{"self":[{"href":"https:\/\/www.batimeo.com\/index.php?rest_route=\/wp\/v2\/pages\/113","targetHints":{"allow":["GET"]}}],"collection":[{"href":"https:\/\/www.batimeo.com\/index.php?rest_route=\/wp\/v2\/pages"}],"about":[{"href":"https:\/\/www.batimeo.com\/index.php?rest_route=\/wp\/v2\/types\/page"}],"author":[{"embeddable":true,"href":"https:\/\/www.batimeo.com\/index.php?rest_route=\/wp\/v2\/users\/1"}],"replies":[{"embeddable":true,"href":"https:\/\/www.batimeo.com\/index.php?rest_route=%2Fwp%2Fv2%2Fcomments&post=113"}],"version-history":[{"count":35,"href":"https:\/\/www.batimeo.com\/index.php?rest_route=\/wp\/v2\/pages\/113\/revisions"}],"predecessor-version":[{"id":605,"href":"https:\/\/www.batimeo.com\/index.php?rest_route=\/wp\/v2\/pages\/113\/revisions\/605"}],"up":[{"embeddable":true,"href":"https:\/\/www.batimeo.com\/index.php?rest_route=\/wp\/v2\/pages\/37"}],"wp:attachment":[{"href":"https:\/\/www.batimeo.com\/index.php?rest_route=%2Fwp%2Fv2%2Fmedia&parent=113"}],"curies":[{"name":"wp","href":"https:\/\/api.w.org\/{rel}","templated":true}]}}