{"id":117,"date":"2020-01-29T15:49:34","date_gmt":"2020-01-29T14:49:34","guid":{"rendered":"http:\/\/www.batimeo.com\/?page_id=117"},"modified":"2025-05-09T00:45:17","modified_gmt":"2025-05-08T22:45:17","slug":"contact","status":"publish","type":"page","link":"https:\/\/www.batimeo.com\/?page_id=117","title":{"rendered":"Contactez-nous"},"content":{"rendered":"\t\t<div data-elementor-type=\"wp-page\" data-elementor-id=\"117\" class=\"elementor elementor-117\">\n\t\t\t\t<div class=\"elementor-element elementor-element-19af829 e-flex e-con-boxed e-con e-parent\" data-id=\"19af829\" data-element_type=\"container\" data-e-type=\"container\">\n\t\t\t\t\t<div class=\"e-con-inner\">\n\t\t\t\t<div class=\"elementor-element elementor-element-8cb2fa9 elementor-widget elementor-widget-text-editor\" data-id=\"8cb2fa9\" data-element_type=\"widget\" data-e-type=\"widget\" data-widget_type=\"text-editor.default\">\n\t\t\t\t<div class=\"elementor-widget-container\">\n\t\t\t\t\t\t\t\t\t<p><strong>Horaire d&rsquo;ouverture des bureaux<\/strong><br \/>Du lundi au vendredi : <strong>9h00<\/strong> \u00e0 <strong>12h30<\/strong> et de <strong>14h00<\/strong> \u00e0 <strong>18h00<\/strong><\/p>\t\t\t\t\t\t\t\t<\/div>\n\t\t\t\t<\/div>\n\t\t\t\t\t<\/div>\n\t\t\t\t<\/div>\n\t\t<div class=\"elementor-element elementor-element-4215e0b e-grid e-con-boxed e-con e-parent\" data-id=\"4215e0b\" data-element_type=\"container\" data-e-type=\"container\">\n\t\t\t\t\t<div class=\"e-con-inner\">\n\t\t\t\t<div class=\"elementor-element elementor-element-c5ec1be elementor-widget elementor-widget-image\" data-id=\"c5ec1be\" data-element_type=\"widget\" data-e-type=\"widget\" data-widget_type=\"image.default\">\n\t\t\t\t<div class=\"elementor-widget-container\">\n\t\t\t\t\t\t\t\t\t\t\t\t\t\t\t<img fetchpriority=\"high\" decoding=\"async\" width=\"768\" height=\"576\" src=\"https:\/\/www.batimeo.com\/wp-content\/uploads\/2020\/01\/DSC02403-768x576.jpg\" class=\"attachment-medium_large size-medium_large wp-image-59\" alt=\"Si\u00e8ge sociale\" srcset=\"https:\/\/www.batimeo.com\/wp-content\/uploads\/2020\/01\/DSC02403-768x576.jpg 768w, https:\/\/www.batimeo.com\/wp-content\/uploads\/2020\/01\/DSC02403-300x225.jpg 300w, https:\/\/www.batimeo.com\/wp-content\/uploads\/2020\/01\/DSC02403-1024x768.jpg 1024w, https:\/\/www.batimeo.com\/wp-content\/uploads\/2020\/01\/DSC02403-1536x1152.jpg 1536w, https:\/\/www.batimeo.com\/wp-content\/uploads\/2020\/01\/DSC02403-2048x1536.jpg 2048w, https:\/\/www.batimeo.com\/wp-content\/uploads\/2020\/01\/DSC02403-1568x1176.jpg 1568w\" sizes=\"(max-width: 768px) 100vw, 768px\" \/>\t\t\t\t\t\t\t\t\t\t\t\t\t\t\t<\/div>\n\t\t\t\t<\/div>\n\t\t\t\t<div class=\"elementor-element elementor-element-27b31aa elementor-widget elementor-widget-wpforms\" data-id=\"27b31aa\" data-element_type=\"widget\" data-e-type=\"widget\" data-widget_type=\"wpforms.default\">\n\t\t\t\t<div class=\"elementor-widget-container\">\n\t\t\t\t\t<div class=\"wpforms-container wpforms-container-full wpforms-render-modern\" id=\"wpforms-323\"><form id=\"wpforms-form-323\" class=\"wpforms-validate wpforms-form wpforms-ajax-form\" data-formid=\"323\" method=\"post\" enctype=\"multipart\/form-data\" action=\"\/index.php?rest_route=%2Fwp%2Fv2%2Fpages%2F117\" data-token=\"276a8d10aeef8036d90d1af0b0097499\" data-token-time=\"1778641333\"><noscript class=\"wpforms-error-noscript\">Veuillez activer JavaScript dans votre navigateur pour remplir ce formulaire.<\/noscript><div id=\"wpforms-error-noscript\" style=\"display: none;\">Veuillez activer JavaScript dans votre navigateur pour remplir ce formulaire.<\/div><div class=\"wpforms-field-container\"><div id=\"wpforms-323-field_0-container\" class=\"wpforms-field wpforms-field-name\" data-field-id=\"0\"><label class=\"wpforms-field-label\" for=\"wpforms-323-field_0\">Nom <span class=\"wpforms-required-label\" aria-hidden=\"true\">*<\/span><\/label><input type=\"text\" id=\"wpforms-323-field_0\" class=\"wpforms-field-medium wpforms-field-required\" name=\"wpforms[fields][0]\" aria-errormessage=\"wpforms-323-field_0-error\" required><\/div><div id=\"wpforms-323-field_1-container\" class=\"wpforms-field wpforms-field-email\" data-field-id=\"1\"><label class=\"wpforms-field-label\" for=\"wpforms-323-field_1\">E-mail <span class=\"wpforms-required-label\" aria-hidden=\"true\">*<\/span><\/label><input type=\"email\" id=\"wpforms-323-field_1\" class=\"wpforms-field-medium wpforms-field-required\" name=\"wpforms[fields][1]\" spellcheck=\"false\" aria-errormessage=\"wpforms-323-field_1-error\" required><\/div><div id=\"wpforms-323-field_2-container\" class=\"wpforms-field wpforms-field-textarea\" data-field-id=\"2\"><label class=\"wpforms-field-label\" for=\"wpforms-323-field_2\">Commentaire ou message<\/label><textarea id=\"wpforms-323-field_2\" class=\"wpforms-field-medium\" name=\"wpforms[fields][2]\" aria-errormessage=\"wpforms-323-field_2-error\" ><\/textarea><\/div><div id=\"wpforms-323-field_3-container\" class=\"wpforms-field wpforms-field-radio\" data-field-id=\"3\"><fieldset><legend class=\"wpforms-field-label\">Objet de votre demande<\/legend><ul id=\"wpforms-323-field_3\"><li class=\"choice-1 depth-1 wpforms-selected\"><input type=\"radio\" id=\"wpforms-323-field_3_1\" name=\"wpforms[fields][3]\" value=\"T\u00e9l\u00e9coms 5G\" aria-errormessage=\"wpforms-323-field_3_1-error\"   checked='checked'><label class=\"wpforms-field-label-inline\" for=\"wpforms-323-field_3_1\">T\u00e9l\u00e9coms 5G<\/label><\/li><li class=\"choice-2 depth-1\"><input type=\"radio\" id=\"wpforms-323-field_3_2\" name=\"wpforms[fields][3]\" value=\"Borne \u00e9lectrique\" aria-errormessage=\"wpforms-323-field_3_2-error\"  ><label class=\"wpforms-field-label-inline\" for=\"wpforms-323-field_3_2\">Borne \u00e9lectrique<\/label><\/li><li class=\"choice-3 depth-1\"><input type=\"radio\" id=\"wpforms-323-field_3_3\" name=\"wpforms[fields][3]\" value=\"Vid\u00e9o-Surveillance\" aria-errormessage=\"wpforms-323-field_3_3-error\"  ><label class=\"wpforms-field-label-inline\" for=\"wpforms-323-field_3_3\">Vid\u00e9o-Surveillance<\/label><\/li><li class=\"choice-4 depth-1\"><input type=\"radio\" id=\"wpforms-323-field_3_4\" name=\"wpforms[fields][3]\" value=\"C\u00e2blage informatque\" aria-errormessage=\"wpforms-323-field_3_4-error\"  ><label class=\"wpforms-field-label-inline\" for=\"wpforms-323-field_3_4\">C\u00e2blage informatque<\/label><\/li><\/ul><\/fieldset><\/div><\/div><!-- .wpforms-field-container --><div class=\"wpforms-submit-container\" ><input type=\"hidden\" name=\"wpforms[id]\" value=\"323\"><input type=\"hidden\" name=\"page_title\" value=\"\"><input type=\"hidden\" name=\"page_url\" value=\"https:\/\/www.batimeo.com\/index.php?rest_route=\/wp\/v2\/pages\/117\"><input type=\"hidden\" name=\"url_referer\" value=\"\"><button type=\"submit\" name=\"wpforms[submit]\" id=\"wpforms-submit-323\" class=\"wpforms-submit\" data-alt-text=\"Batimeo vous remercie, nous vous recontacterons dans les plus brefs d\u00e9lais!\" data-submit-text=\"Envoyer\" aria-live=\"assertive\" value=\"wpforms-submit\">Envoyer<\/button><img decoding=\"async\" src=\"https:\/\/www.batimeo.com\/wp-content\/plugins\/wpforms-lite\/assets\/images\/submit-spin.svg\" class=\"wpforms-submit-spinner\" style=\"display: none;\" width=\"26\" height=\"26\" alt=\"Chargement en cours\"><\/div><\/form><\/div>  <!-- .wpforms-container -->\t\t\t\t<\/div>\n\t\t\t\t<\/div>\n\t\t\t\t\t<\/div>\n\t\t\t\t<\/div>\n\t\t\t\t<\/div>\n\t\t","protected":false},"excerpt":{"rendered":"<p>Horaire d&rsquo;ouverture des bureauxDu lundi au vendredi : 9h00 \u00e0 12h30 et de 14h00 \u00e0 18h00 Veuillez activer JavaScript dans votre navigateur pour remplir ce formulaire.Veuillez activer JavaScript dans votre navigateur pour remplir ce formulaire.Nom *E-mail *Commentaire ou message Objet de votre demande T\u00e9l\u00e9coms 5G Borne \u00e9lectrique Vid\u00e9o-Surveillance C\u00e2blage informatque Envoyer<\/p>\n","protected":false},"author":1,"featured_media":0,"parent":0,"menu_order":0,"comment_status":"closed","ping_status":"closed","template":"","meta":{"footnotes":""},"class_list":["post-117","page","type-page","status-publish","hentry"],"yoast_head":"<!-- This site is optimized with the Yoast SEO plugin v25.0 - https:\/\/yoast.com\/wordpress\/plugins\/seo\/ -->\n<title>Contactez-nous - Bienvenue chez Batimeo<\/title>\n<meta name=\"robots\" content=\"index, follow, max-snippet:-1, max-image-preview:large, max-video-preview:-1\" \/>\n<link rel=\"canonical\" href=\"https:\/\/www.batimeo.com\/?page_id=117\" \/>\n<meta property=\"og:locale\" content=\"fr_FR\" \/>\n<meta property=\"og:type\" content=\"article\" \/>\n<meta property=\"og:title\" content=\"Contactez-nous - Bienvenue chez Batimeo\" \/>\n<meta property=\"og:description\" content=\"Horaire d&rsquo;ouverture des bureauxDu lundi au vendredi : 9h00 \u00e0 12h30 et de 14h00 \u00e0 18h00 Veuillez activer JavaScript dans votre navigateur pour remplir ce formulaire.Veuillez activer JavaScript dans votre navigateur pour remplir ce formulaire.Nom *E-mail *Commentaire ou message Objet de votre demande T\u00e9l\u00e9coms 5G Borne \u00e9lectrique Vid\u00e9o-Surveillance C\u00e2blage informatque Envoyer\" \/>\n<meta property=\"og:url\" content=\"https:\/\/www.batimeo.com\/?page_id=117\" \/>\n<meta property=\"og:site_name\" content=\"Bienvenue chez Batimeo\" \/>\n<meta property=\"article:modified_time\" content=\"2025-05-08T22:45:17+00:00\" \/>\n<meta property=\"og:image\" content=\"https:\/\/www.batimeo.com\/wp-content\/uploads\/2020\/01\/DSC02403-scaled.jpg\" \/>\n\t<meta property=\"og:image:width\" content=\"2560\" \/>\n\t<meta property=\"og:image:height\" content=\"1920\" \/>\n\t<meta property=\"og:image:type\" content=\"image\/jpeg\" \/>\n<meta name=\"twitter:card\" content=\"summary_large_image\" \/>\n<meta name=\"twitter:label1\" content=\"Dur\u00e9e de lecture estim\u00e9e\" \/>\n\t<meta name=\"twitter:data1\" content=\"1 minute\" \/>\n<script type=\"application\/ld+json\" class=\"yoast-schema-graph\">{\"@context\":\"https:\/\/schema.org\",\"@graph\":[{\"@type\":\"WebPage\",\"@id\":\"https:\/\/www.batimeo.com\/?page_id=117\",\"url\":\"https:\/\/www.batimeo.com\/?page_id=117\",\"name\":\"Contactez-nous - Bienvenue chez Batimeo\",\"isPartOf\":{\"@id\":\"https:\/\/www.batimeo.com\/#website\"},\"primaryImageOfPage\":{\"@id\":\"https:\/\/www.batimeo.com\/?page_id=117#primaryimage\"},\"image\":{\"@id\":\"https:\/\/www.batimeo.com\/?page_id=117#primaryimage\"},\"thumbnailUrl\":\"https:\/\/www.batimeo.com\/wp-content\/uploads\/2020\/01\/DSC02403-768x576.jpg\",\"datePublished\":\"2020-01-29T14:49:34+00:00\",\"dateModified\":\"2025-05-08T22:45:17+00:00\",\"breadcrumb\":{\"@id\":\"https:\/\/www.batimeo.com\/?page_id=117#breadcrumb\"},\"inLanguage\":\"fr-FR\",\"potentialAction\":[{\"@type\":\"ReadAction\",\"target\":[\"https:\/\/www.batimeo.com\/?page_id=117\"]}]},{\"@type\":\"ImageObject\",\"inLanguage\":\"fr-FR\",\"@id\":\"https:\/\/www.batimeo.com\/?page_id=117#primaryimage\",\"url\":\"https:\/\/www.batimeo.com\/wp-content\/uploads\/2020\/01\/DSC02403-scaled.jpg\",\"contentUrl\":\"https:\/\/www.batimeo.com\/wp-content\/uploads\/2020\/01\/DSC02403-scaled.jpg\",\"width\":2560,\"height\":1920,\"caption\":\"Travaux de r\u00e9novation et plomberie Batim\u00e9o.\"},{\"@type\":\"BreadcrumbList\",\"@id\":\"https:\/\/www.batimeo.com\/?page_id=117#breadcrumb\",\"itemListElement\":[{\"@type\":\"ListItem\",\"position\":1,\"name\":\"Accueil\",\"item\":\"https:\/\/www.batimeo.com\/\"},{\"@type\":\"ListItem\",\"position\":2,\"name\":\"Contactez-nous\"}]},{\"@type\":\"WebSite\",\"@id\":\"https:\/\/www.batimeo.com\/#website\",\"url\":\"https:\/\/www.batimeo.com\/\",\"name\":\"Batimeo.com\",\"description\":\"Une \u00e9quipe de professionnels \u00e0 votre \u00e9coute.\",\"publisher\":{\"@id\":\"https:\/\/www.batimeo.com\/#organization\"},\"potentialAction\":[{\"@type\":\"SearchAction\",\"target\":{\"@type\":\"EntryPoint\",\"urlTemplate\":\"https:\/\/www.batimeo.com\/?s={search_term_string}\"},\"query-input\":{\"@type\":\"PropertyValueSpecification\",\"valueRequired\":true,\"valueName\":\"search_term_string\"}}],\"inLanguage\":\"fr-FR\"},{\"@type\":\"Organization\",\"@id\":\"https:\/\/www.batimeo.com\/#organization\",\"name\":\"Batimeo\",\"url\":\"https:\/\/www.batimeo.com\/\",\"logo\":{\"@type\":\"ImageObject\",\"inLanguage\":\"fr-FR\",\"@id\":\"https:\/\/www.batimeo.com\/#\/schema\/logo\/image\/\",\"url\":\"https:\/\/www.batimeo.com\/wp-content\/uploads\/2022\/10\/logo-batimeo_email.jpg\",\"contentUrl\":\"https:\/\/www.batimeo.com\/wp-content\/uploads\/2022\/10\/logo-batimeo_email.jpg\",\"width\":113,\"height\":37,\"caption\":\"Batimeo\"},\"image\":{\"@id\":\"https:\/\/www.batimeo.com\/#\/schema\/logo\/image\/\"}}]}<\/script>\n<!-- \/ Yoast SEO plugin. -->","yoast_head_json":{"title":"Contactez-nous - Bienvenue chez Batimeo","robots":{"index":"index","follow":"follow","max-snippet":"max-snippet:-1","max-image-preview":"max-image-preview:large","max-video-preview":"max-video-preview:-1"},"canonical":"https:\/\/www.batimeo.com\/?page_id=117","og_locale":"fr_FR","og_type":"article","og_title":"Contactez-nous - Bienvenue chez Batimeo","og_description":"Horaire d&rsquo;ouverture des bureauxDu lundi au vendredi : 9h00 \u00e0 12h30 et de 14h00 \u00e0 18h00 Veuillez activer JavaScript dans votre navigateur pour remplir ce formulaire.Veuillez activer JavaScript dans votre navigateur pour remplir ce formulaire.Nom *E-mail *Commentaire ou message Objet de votre demande T\u00e9l\u00e9coms 5G Borne \u00e9lectrique Vid\u00e9o-Surveillance C\u00e2blage informatque Envoyer","og_url":"https:\/\/www.batimeo.com\/?page_id=117","og_site_name":"Bienvenue chez Batimeo","article_modified_time":"2025-05-08T22:45:17+00:00","og_image":[{"width":2560,"height":1920,"url":"https:\/\/www.batimeo.com\/wp-content\/uploads\/2020\/01\/DSC02403-scaled.jpg","type":"image\/jpeg"}],"twitter_card":"summary_large_image","twitter_misc":{"Dur\u00e9e de lecture estim\u00e9e":"1 minute"},"schema":{"@context":"https:\/\/schema.org","@graph":[{"@type":"WebPage","@id":"https:\/\/www.batimeo.com\/?page_id=117","url":"https:\/\/www.batimeo.com\/?page_id=117","name":"Contactez-nous - Bienvenue chez Batimeo","isPartOf":{"@id":"https:\/\/www.batimeo.com\/#website"},"primaryImageOfPage":{"@id":"https:\/\/www.batimeo.com\/?page_id=117#primaryimage"},"image":{"@id":"https:\/\/www.batimeo.com\/?page_id=117#primaryimage"},"thumbnailUrl":"https:\/\/www.batimeo.com\/wp-content\/uploads\/2020\/01\/DSC02403-768x576.jpg","datePublished":"2020-01-29T14:49:34+00:00","dateModified":"2025-05-08T22:45:17+00:00","breadcrumb":{"@id":"https:\/\/www.batimeo.com\/?page_id=117#breadcrumb"},"inLanguage":"fr-FR","potentialAction":[{"@type":"ReadAction","target":["https:\/\/www.batimeo.com\/?page_id=117"]}]},{"@type":"ImageObject","inLanguage":"fr-FR","@id":"https:\/\/www.batimeo.com\/?page_id=117#primaryimage","url":"https:\/\/www.batimeo.com\/wp-content\/uploads\/2020\/01\/DSC02403-scaled.jpg","contentUrl":"https:\/\/www.batimeo.com\/wp-content\/uploads\/2020\/01\/DSC02403-scaled.jpg","width":2560,"height":1920,"caption":"Travaux de r\u00e9novation et plomberie Batim\u00e9o."},{"@type":"BreadcrumbList","@id":"https:\/\/www.batimeo.com\/?page_id=117#breadcrumb","itemListElement":[{"@type":"ListItem","position":1,"name":"Accueil","item":"https:\/\/www.batimeo.com\/"},{"@type":"ListItem","position":2,"name":"Contactez-nous"}]},{"@type":"WebSite","@id":"https:\/\/www.batimeo.com\/#website","url":"https:\/\/www.batimeo.com\/","name":"Batimeo.com","description":"Une \u00e9quipe de professionnels \u00e0 votre \u00e9coute.","publisher":{"@id":"https:\/\/www.batimeo.com\/#organization"},"potentialAction":[{"@type":"SearchAction","target":{"@type":"EntryPoint","urlTemplate":"https:\/\/www.batimeo.com\/?s={search_term_string}"},"query-input":{"@type":"PropertyValueSpecification","valueRequired":true,"valueName":"search_term_string"}}],"inLanguage":"fr-FR"},{"@type":"Organization","@id":"https:\/\/www.batimeo.com\/#organization","name":"Batimeo","url":"https:\/\/www.batimeo.com\/","logo":{"@type":"ImageObject","inLanguage":"fr-FR","@id":"https:\/\/www.batimeo.com\/#\/schema\/logo\/image\/","url":"https:\/\/www.batimeo.com\/wp-content\/uploads\/2022\/10\/logo-batimeo_email.jpg","contentUrl":"https:\/\/www.batimeo.com\/wp-content\/uploads\/2022\/10\/logo-batimeo_email.jpg","width":113,"height":37,"caption":"Batimeo"},"image":{"@id":"https:\/\/www.batimeo.com\/#\/schema\/logo\/image\/"}}]}},"_links":{"self":[{"href":"https:\/\/www.batimeo.com\/index.php?rest_route=\/wp\/v2\/pages\/117","targetHints":{"allow":["GET"]}}],"collection":[{"href":"https:\/\/www.batimeo.com\/index.php?rest_route=\/wp\/v2\/pages"}],"about":[{"href":"https:\/\/www.batimeo.com\/index.php?rest_route=\/wp\/v2\/types\/page"}],"author":[{"embeddable":true,"href":"https:\/\/www.batimeo.com\/index.php?rest_route=\/wp\/v2\/users\/1"}],"replies":[{"embeddable":true,"href":"https:\/\/www.batimeo.com\/index.php?rest_route=%2Fwp%2Fv2%2Fcomments&post=117"}],"version-history":[{"count":37,"href":"https:\/\/www.batimeo.com\/index.php?rest_route=\/wp\/v2\/pages\/117\/revisions"}],"predecessor-version":[{"id":596,"href":"https:\/\/www.batimeo.com\/index.php?rest_route=\/wp\/v2\/pages\/117\/revisions\/596"}],"wp:attachment":[{"href":"https:\/\/www.batimeo.com\/index.php?rest_route=%2Fwp%2Fv2%2Fmedia&parent=117"}],"curies":[{"name":"wp","href":"https:\/\/api.w.org\/{rel}","templated":true}]}}