{"id":388,"date":"2022-10-30T16:56:57","date_gmt":"2022-10-30T15:56:57","guid":{"rendered":"https:\/\/www.batimeo.com\/?page_id=388"},"modified":"2025-05-09T00:05:44","modified_gmt":"2025-05-08T22:05:44","slug":"prestation-en-videosurveillance","status":"publish","type":"page","link":"https:\/\/www.batimeo.com\/?page_id=388","title":{"rendered":"Vid\u00e9osurveillance cl\u00e9 en main"},"content":{"rendered":"\t\t<div data-elementor-type=\"wp-page\" data-elementor-id=\"388\" class=\"elementor elementor-388\">\n\t\t\t\t<div class=\"elementor-element elementor-element-33586323 e-flex e-con-boxed e-con e-parent\" data-id=\"33586323\" data-element_type=\"container\" data-e-type=\"container\">\n\t\t\t\t\t<div class=\"e-con-inner\">\n\t\t\t\t<div class=\"elementor-element elementor-element-11605e7e elementor-widget elementor-widget-text-editor\" data-id=\"11605e7e\" data-element_type=\"widget\" data-e-type=\"widget\" data-widget_type=\"text-editor.default\">\n\t\t\t\t<div class=\"elementor-widget-container\">\n\t\t\t\t\t\t\t\t\t<p><strong style=\"letter-spacing: 0px;\">Besoin d\u2019une installation r\u00e9alis\u00e9e par un professionnel ?<\/strong><\/p>\n<p>Contactez notre <strong>service commercial<\/strong> pour b\u00e9n\u00e9ficier d\u2019une <strong>\u00e9tude personnalis\u00e9e<\/strong> de vos besoins en <strong>vid\u00e9osurveillance<\/strong>.<br \/>Nous vous accompagnons dans le choix des \u00e9quipements adapt\u00e9s, l\u2019analyse des zones \u00e0 s\u00e9curiser et la mise en \u0153uvre d\u2019une solution fiable, efficace et sur mesure.<\/p>\n<p>Souhaitez-vous ajouter des d\u00e9tails sur les types de cam\u00e9ras, les services propos\u00e9s (maintenance, t\u00e9l\u00e9surveillance, etc.), ou les secteurs dans lesquels vous intervenez ?<\/p>\n<p>Surveillez et prot\u00e9gez vos locaux<br \/>Nous vous proposons des solutions de vid\u00e9o-surveillance sur r\u00e9seau IP et assurons l\u2019installation et la maintenance de vos \u00e9quipements.<\/p>\n<p><!-- \/wp:paragraph --><!-- wp:paragraph --><\/p>\n<p>BATIMEO dispose d\u2019une exp\u00e9rience reconnue dans la mise en \u0153uvre de solutions de vid\u00e9o-surveillance sur r\u00e9seau IP.<\/p>\n<p><!-- \/wp:paragraph --><!-- wp:columns --><\/p>\n<div class=\"wp-block-columns\">\n<p><!-- wp:column --><\/p>\n<div class=\"wp-block-column\">\n<p><!-- wp:image {\"id\":391,\"width\":313,\"height\":324,\"sizeSlug\":\"full\",\"linkDestination\":\"none\"} --><\/p>\n<figure class=\"wp-block-image size-full is-resized\"><img fetchpriority=\"high\" decoding=\"async\" class=\"wp-image-391\" src=\"https:\/\/www.batimeo.com\/wp-content\/uploads\/2022\/10\/camera-videosurveillance.png\" alt=\"\" width=\"313\" height=\"324\" srcset=\"https:\/\/www.batimeo.com\/wp-content\/uploads\/2022\/10\/camera-videosurveillance.png 463w, https:\/\/www.batimeo.com\/wp-content\/uploads\/2022\/10\/camera-videosurveillance-289x300.png 289w\" sizes=\"(max-width: 313px) 100vw, 313px\" \/><\/figure>\n<p><!-- \/wp:image --><!-- wp:image {\"id\":410,\"width\":163,\"height\":73,\"sizeSlug\":\"full\",\"linkDestination\":\"none\"} --><\/p>\n<\/div>\n<p><!-- \/wp:column --><!-- wp:column --><\/p>\n<div class=\"wp-block-column\">\n<p><!-- wp:paragraph --><\/p>\n<p>quiper sa maison, son entreprise, ses bureaux ou ses parkings de cam\u00e9ras de vid\u00e9osurveillance est aujourd\u2019hui ce qu&rsquo;il y a de mieux pour surveiller les tentatives d\u2019effraction, le vol de mat\u00e9riel, ainsi que le vandalisme.<\/p>\n<p><!-- \/wp:paragraph --><!-- wp:paragraph --><\/p>\n<p>A titre pr\u00e9ventif dans le but de dissuader les d\u00e9linquants, ou apr\u00e8s un dommage en qualit\u00e9 de preuve, la vid\u00e9osurveillance est un atout pour votre s\u00e9curit\u00e9.<br \/>Batimeo vous accompagne dans l&rsquo;installation de votre vid\u00e9osurveillance et vous assure la maintenance de vos \u00e9quipements.<\/p>\n<p><!-- \/wp:paragraph --><\/p>\n<\/div>\n<p><br \/><br \/><\/p>\n<\/div>\n<p><!-- \/wp:columns --><!-- wp:group --><\/p>\n<div class=\"wp-block-group\">\n<p><!-- wp:paragraph {\"align\":\"center\"} --><\/p>\n<p class=\"has-text-align-center\">\u00a0<\/p>\n<p><!-- \/wp:paragraph --><\/p>\n<\/div>\n<p><!-- \/wp:group --><\/p>\t\t\t\t\t\t\t\t<\/div>\n\t\t\t\t<\/div>\n\t\t\t\t\t<\/div>\n\t\t\t\t<\/div>\n\t\t<div class=\"elementor-element elementor-element-bbab3d0 e-flex e-con-boxed e-con e-parent\" data-id=\"bbab3d0\" data-element_type=\"container\" data-e-type=\"container\">\n\t\t\t\t\t<div class=\"e-con-inner\">\n\t\t\t\t<div class=\"elementor-element elementor-element-d9d6f04 elementor-widget elementor-widget-heading\" data-id=\"d9d6f04\" data-element_type=\"widget\" data-e-type=\"widget\" data-widget_type=\"heading.default\">\n\t\t\t\t<div class=\"elementor-widget-container\">\n\t\t\t\t\t<h2 class=\"elementor-heading-title elementor-size-default\">Nous fournissons et installation les marques suivantes.<\/h2>\t\t\t\t<\/div>\n\t\t\t\t<\/div>\n\t\t\t\t\t<\/div>\n\t\t\t\t<\/div>\n\t\t<div class=\"elementor-element elementor-element-42f0d58 e-grid e-con-boxed e-con e-parent\" data-id=\"42f0d58\" data-element_type=\"container\" data-e-type=\"container\">\n\t\t\t\t\t<div class=\"e-con-inner\">\n\t\t\t\t<div class=\"elementor-element elementor-element-165bb0f elementor-widget elementor-widget-image\" data-id=\"165bb0f\" data-element_type=\"widget\" data-e-type=\"widget\" data-widget_type=\"image.default\">\n\t\t\t\t<div class=\"elementor-widget-container\">\n\t\t\t\t\t\t\t\t\t\t\t\t\t\t\t<img decoding=\"async\" width=\"300\" height=\"135\" src=\"https:\/\/www.batimeo.com\/wp-content\/uploads\/2022\/10\/reolink-1-300x135.png\" class=\"attachment-medium size-medium wp-image-399\" alt=\"\" srcset=\"https:\/\/www.batimeo.com\/wp-content\/uploads\/2022\/10\/reolink-1-300x135.png 300w, https:\/\/www.batimeo.com\/wp-content\/uploads\/2022\/10\/reolink-1.png 335w\" sizes=\"(max-width: 300px) 100vw, 300px\" \/>\t\t\t\t\t\t\t\t\t\t\t\t\t\t\t<\/div>\n\t\t\t\t<\/div>\n\t\t\t\t<div class=\"elementor-element elementor-element-a44b5ef elementor-widget elementor-widget-image\" data-id=\"a44b5ef\" data-element_type=\"widget\" data-e-type=\"widget\" data-widget_type=\"image.default\">\n\t\t\t\t<div class=\"elementor-widget-container\">\n\t\t\t\t\t\t\t\t\t\t\t\t\t\t\t<img decoding=\"async\" width=\"200\" height=\"112\" src=\"https:\/\/www.batimeo.com\/wp-content\/uploads\/2022\/10\/axis-1-e1667131477107.png\" class=\"attachment-medium size-medium wp-image-401\" alt=\"\" \/>\t\t\t\t\t\t\t\t\t\t\t\t\t\t\t<\/div>\n\t\t\t\t<\/div>\n\t\t\t\t<div class=\"elementor-element elementor-element-c34b5d7 elementor-widget elementor-widget-image\" data-id=\"c34b5d7\" data-element_type=\"widget\" data-e-type=\"widget\" data-widget_type=\"image.default\">\n\t\t\t\t<div class=\"elementor-widget-container\">\n\t\t\t\t\t\t\t\t\t\t\t\t\t\t\t<img loading=\"lazy\" decoding=\"async\" width=\"300\" height=\"167\" src=\"https:\/\/www.batimeo.com\/wp-content\/uploads\/2022\/10\/hikvision-vector-logo-1-300x167.png\" class=\"attachment-medium size-medium wp-image-403\" alt=\"\" srcset=\"https:\/\/www.batimeo.com\/wp-content\/uploads\/2022\/10\/hikvision-vector-logo-1-300x167.png 300w, https:\/\/www.batimeo.com\/wp-content\/uploads\/2022\/10\/hikvision-vector-logo-1-768x427.png 768w, https:\/\/www.batimeo.com\/wp-content\/uploads\/2022\/10\/hikvision-vector-logo-1-e1667131950958.png 200w\" sizes=\"(max-width: 300px) 100vw, 300px\" \/>\t\t\t\t\t\t\t\t\t\t\t\t\t\t\t<\/div>\n\t\t\t\t<\/div>\n\t\t\t\t<div class=\"elementor-element elementor-element-6ad9f5a elementor-widget elementor-widget-image\" data-id=\"6ad9f5a\" data-element_type=\"widget\" data-e-type=\"widget\" data-widget_type=\"image.default\">\n\t\t\t\t<div class=\"elementor-widget-container\">\n\t\t\t\t\t\t\t\t\t\t\t\t\t\t\t<img loading=\"lazy\" decoding=\"async\" width=\"125\" height=\"125\" src=\"https:\/\/www.batimeo.com\/wp-content\/uploads\/2025\/05\/TP-LINK.jpg\" class=\"attachment-medium size-medium wp-image-567\" alt=\"\" \/>\t\t\t\t\t\t\t\t\t\t\t\t\t\t\t<\/div>\n\t\t\t\t<\/div>\n\t\t\t\t\t<\/div>\n\t\t\t\t<\/div>\n\t\t<div class=\"elementor-element elementor-element-08685e2 e-flex e-con-boxed e-con e-parent\" data-id=\"08685e2\" data-element_type=\"container\" data-e-type=\"container\">\n\t\t\t\t\t<div class=\"e-con-inner\">\n\t\t\t\t<div class=\"elementor-element elementor-element-9eba071 elementor-widget elementor-widget-video\" data-id=\"9eba071\" data-element_type=\"widget\" data-e-type=\"widget\" data-settings=\"{&quot;youtube_url&quot;:&quot;https:\\\/\\\/www.youtube.com\\\/watch?v=E1X16LR-D7w&quot;,&quot;loop&quot;:&quot;yes&quot;,&quot;video_type&quot;:&quot;youtube&quot;}\" data-widget_type=\"video.default\">\n\t\t\t\t<div class=\"elementor-widget-container\">\n\t\t\t\t\t\t\t<div class=\"elementor-wrapper elementor-open-inline\">\n\t\t\t<div class=\"elementor-video\"><\/div>\t\t<\/div>\n\t\t\t\t\t\t<\/div>\n\t\t\t\t<\/div>\n\t\t\t\t\t<\/div>\n\t\t\t\t<\/div>\n\t\t\t\t<\/div>\n\t\t","protected":false},"excerpt":{"rendered":"<p>Besoin d\u2019une installation r\u00e9alis\u00e9e par un professionnel ? Contactez notre service commercial pour b\u00e9n\u00e9ficier d\u2019une \u00e9tude personnalis\u00e9e de vos besoins en vid\u00e9osurveillance.Nous vous accompagnons dans le choix des \u00e9quipements adapt\u00e9s, l\u2019analyse des zones \u00e0 s\u00e9curiser et la mise en \u0153uvre d\u2019une solution fiable, efficace et sur mesure. Souhaitez-vous ajouter des d\u00e9tails sur les types de&hellip;<\/p>\n","protected":false},"author":1,"featured_media":0,"parent":0,"menu_order":0,"comment_status":"closed","ping_status":"closed","template":"","meta":{"footnotes":""},"class_list":["post-388","page","type-page","status-publish","hentry"],"yoast_head":"<!-- This site is optimized with the Yoast SEO plugin v25.0 - https:\/\/yoast.com\/wordpress\/plugins\/seo\/ -->\n<title>Vid\u00e9osurveillance cl\u00e9 en main - Bienvenue chez Batimeo<\/title>\n<meta name=\"robots\" content=\"index, follow, max-snippet:-1, max-image-preview:large, max-video-preview:-1\" \/>\n<link rel=\"canonical\" href=\"https:\/\/www.batimeo.com\/?page_id=388\" \/>\n<meta property=\"og:locale\" content=\"fr_FR\" \/>\n<meta property=\"og:type\" content=\"article\" \/>\n<meta property=\"og:title\" content=\"Vid\u00e9osurveillance cl\u00e9 en main - Bienvenue chez Batimeo\" \/>\n<meta property=\"og:description\" content=\"Besoin d\u2019une installation r\u00e9alis\u00e9e par un professionnel ? Contactez notre service commercial pour b\u00e9n\u00e9ficier d\u2019une \u00e9tude personnalis\u00e9e de vos besoins en vid\u00e9osurveillance.Nous vous accompagnons dans le choix des \u00e9quipements adapt\u00e9s, l\u2019analyse des zones \u00e0 s\u00e9curiser et la mise en \u0153uvre d\u2019une solution fiable, efficace et sur mesure. Souhaitez-vous ajouter des d\u00e9tails sur les types de&hellip;\" \/>\n<meta property=\"og:url\" content=\"https:\/\/www.batimeo.com\/?page_id=388\" \/>\n<meta property=\"og:site_name\" content=\"Bienvenue chez Batimeo\" \/>\n<meta property=\"article:modified_time\" content=\"2025-05-08T22:05:44+00:00\" \/>\n<meta property=\"og:image\" content=\"https:\/\/www.batimeo.com\/wp-content\/uploads\/2022\/10\/camera-videosurveillance.png\" \/>\n\t<meta property=\"og:image:width\" content=\"463\" \/>\n\t<meta property=\"og:image:height\" content=\"480\" \/>\n\t<meta property=\"og:image:type\" content=\"image\/png\" \/>\n<meta name=\"twitter:card\" content=\"summary_large_image\" \/>\n<meta name=\"twitter:label1\" content=\"Dur\u00e9e de lecture estim\u00e9e\" \/>\n\t<meta name=\"twitter:data1\" content=\"2 minutes\" \/>\n<script type=\"application\/ld+json\" class=\"yoast-schema-graph\">{\"@context\":\"https:\/\/schema.org\",\"@graph\":[{\"@type\":\"WebPage\",\"@id\":\"https:\/\/www.batimeo.com\/?page_id=388\",\"url\":\"https:\/\/www.batimeo.com\/?page_id=388\",\"name\":\"Vid\u00e9osurveillance cl\u00e9 en main - Bienvenue chez Batimeo\",\"isPartOf\":{\"@id\":\"https:\/\/www.batimeo.com\/#website\"},\"primaryImageOfPage\":{\"@id\":\"https:\/\/www.batimeo.com\/?page_id=388#primaryimage\"},\"image\":{\"@id\":\"https:\/\/www.batimeo.com\/?page_id=388#primaryimage\"},\"thumbnailUrl\":\"https:\/\/www.batimeo.com\/wp-content\/uploads\/2022\/10\/camera-videosurveillance.png\",\"datePublished\":\"2022-10-30T15:56:57+00:00\",\"dateModified\":\"2025-05-08T22:05:44+00:00\",\"breadcrumb\":{\"@id\":\"https:\/\/www.batimeo.com\/?page_id=388#breadcrumb\"},\"inLanguage\":\"fr-FR\",\"potentialAction\":[{\"@type\":\"ReadAction\",\"target\":[\"https:\/\/www.batimeo.com\/?page_id=388\"]}]},{\"@type\":\"ImageObject\",\"inLanguage\":\"fr-FR\",\"@id\":\"https:\/\/www.batimeo.com\/?page_id=388#primaryimage\",\"url\":\"https:\/\/www.batimeo.com\/wp-content\/uploads\/2022\/10\/camera-videosurveillance.png\",\"contentUrl\":\"https:\/\/www.batimeo.com\/wp-content\/uploads\/2022\/10\/camera-videosurveillance.png\",\"width\":463,\"height\":480},{\"@type\":\"BreadcrumbList\",\"@id\":\"https:\/\/www.batimeo.com\/?page_id=388#breadcrumb\",\"itemListElement\":[{\"@type\":\"ListItem\",\"position\":1,\"name\":\"Accueil\",\"item\":\"https:\/\/www.batimeo.com\/\"},{\"@type\":\"ListItem\",\"position\":2,\"name\":\"Vid\u00e9osurveillance cl\u00e9 en main\"}]},{\"@type\":\"WebSite\",\"@id\":\"https:\/\/www.batimeo.com\/#website\",\"url\":\"https:\/\/www.batimeo.com\/\",\"name\":\"Batimeo.com\",\"description\":\"Une \u00e9quipe de professionnels \u00e0 votre \u00e9coute.\",\"publisher\":{\"@id\":\"https:\/\/www.batimeo.com\/#organization\"},\"potentialAction\":[{\"@type\":\"SearchAction\",\"target\":{\"@type\":\"EntryPoint\",\"urlTemplate\":\"https:\/\/www.batimeo.com\/?s={search_term_string}\"},\"query-input\":{\"@type\":\"PropertyValueSpecification\",\"valueRequired\":true,\"valueName\":\"search_term_string\"}}],\"inLanguage\":\"fr-FR\"},{\"@type\":\"Organization\",\"@id\":\"https:\/\/www.batimeo.com\/#organization\",\"name\":\"Batimeo\",\"url\":\"https:\/\/www.batimeo.com\/\",\"logo\":{\"@type\":\"ImageObject\",\"inLanguage\":\"fr-FR\",\"@id\":\"https:\/\/www.batimeo.com\/#\/schema\/logo\/image\/\",\"url\":\"https:\/\/www.batimeo.com\/wp-content\/uploads\/2022\/10\/logo-batimeo_email.jpg\",\"contentUrl\":\"https:\/\/www.batimeo.com\/wp-content\/uploads\/2022\/10\/logo-batimeo_email.jpg\",\"width\":113,\"height\":37,\"caption\":\"Batimeo\"},\"image\":{\"@id\":\"https:\/\/www.batimeo.com\/#\/schema\/logo\/image\/\"}}]}<\/script>\n<!-- \/ Yoast SEO plugin. -->","yoast_head_json":{"title":"Vid\u00e9osurveillance cl\u00e9 en main - Bienvenue chez Batimeo","robots":{"index":"index","follow":"follow","max-snippet":"max-snippet:-1","max-image-preview":"max-image-preview:large","max-video-preview":"max-video-preview:-1"},"canonical":"https:\/\/www.batimeo.com\/?page_id=388","og_locale":"fr_FR","og_type":"article","og_title":"Vid\u00e9osurveillance cl\u00e9 en main - Bienvenue chez Batimeo","og_description":"Besoin d\u2019une installation r\u00e9alis\u00e9e par un professionnel ? Contactez notre service commercial pour b\u00e9n\u00e9ficier d\u2019une \u00e9tude personnalis\u00e9e de vos besoins en vid\u00e9osurveillance.Nous vous accompagnons dans le choix des \u00e9quipements adapt\u00e9s, l\u2019analyse des zones \u00e0 s\u00e9curiser et la mise en \u0153uvre d\u2019une solution fiable, efficace et sur mesure. Souhaitez-vous ajouter des d\u00e9tails sur les types de&hellip;","og_url":"https:\/\/www.batimeo.com\/?page_id=388","og_site_name":"Bienvenue chez Batimeo","article_modified_time":"2025-05-08T22:05:44+00:00","og_image":[{"width":463,"height":480,"url":"https:\/\/www.batimeo.com\/wp-content\/uploads\/2022\/10\/camera-videosurveillance.png","type":"image\/png"}],"twitter_card":"summary_large_image","twitter_misc":{"Dur\u00e9e de lecture estim\u00e9e":"2 minutes"},"schema":{"@context":"https:\/\/schema.org","@graph":[{"@type":"WebPage","@id":"https:\/\/www.batimeo.com\/?page_id=388","url":"https:\/\/www.batimeo.com\/?page_id=388","name":"Vid\u00e9osurveillance cl\u00e9 en main - Bienvenue chez Batimeo","isPartOf":{"@id":"https:\/\/www.batimeo.com\/#website"},"primaryImageOfPage":{"@id":"https:\/\/www.batimeo.com\/?page_id=388#primaryimage"},"image":{"@id":"https:\/\/www.batimeo.com\/?page_id=388#primaryimage"},"thumbnailUrl":"https:\/\/www.batimeo.com\/wp-content\/uploads\/2022\/10\/camera-videosurveillance.png","datePublished":"2022-10-30T15:56:57+00:00","dateModified":"2025-05-08T22:05:44+00:00","breadcrumb":{"@id":"https:\/\/www.batimeo.com\/?page_id=388#breadcrumb"},"inLanguage":"fr-FR","potentialAction":[{"@type":"ReadAction","target":["https:\/\/www.batimeo.com\/?page_id=388"]}]},{"@type":"ImageObject","inLanguage":"fr-FR","@id":"https:\/\/www.batimeo.com\/?page_id=388#primaryimage","url":"https:\/\/www.batimeo.com\/wp-content\/uploads\/2022\/10\/camera-videosurveillance.png","contentUrl":"https:\/\/www.batimeo.com\/wp-content\/uploads\/2022\/10\/camera-videosurveillance.png","width":463,"height":480},{"@type":"BreadcrumbList","@id":"https:\/\/www.batimeo.com\/?page_id=388#breadcrumb","itemListElement":[{"@type":"ListItem","position":1,"name":"Accueil","item":"https:\/\/www.batimeo.com\/"},{"@type":"ListItem","position":2,"name":"Vid\u00e9osurveillance cl\u00e9 en main"}]},{"@type":"WebSite","@id":"https:\/\/www.batimeo.com\/#website","url":"https:\/\/www.batimeo.com\/","name":"Batimeo.com","description":"Une \u00e9quipe de professionnels \u00e0 votre \u00e9coute.","publisher":{"@id":"https:\/\/www.batimeo.com\/#organization"},"potentialAction":[{"@type":"SearchAction","target":{"@type":"EntryPoint","urlTemplate":"https:\/\/www.batimeo.com\/?s={search_term_string}"},"query-input":{"@type":"PropertyValueSpecification","valueRequired":true,"valueName":"search_term_string"}}],"inLanguage":"fr-FR"},{"@type":"Organization","@id":"https:\/\/www.batimeo.com\/#organization","name":"Batimeo","url":"https:\/\/www.batimeo.com\/","logo":{"@type":"ImageObject","inLanguage":"fr-FR","@id":"https:\/\/www.batimeo.com\/#\/schema\/logo\/image\/","url":"https:\/\/www.batimeo.com\/wp-content\/uploads\/2022\/10\/logo-batimeo_email.jpg","contentUrl":"https:\/\/www.batimeo.com\/wp-content\/uploads\/2022\/10\/logo-batimeo_email.jpg","width":113,"height":37,"caption":"Batimeo"},"image":{"@id":"https:\/\/www.batimeo.com\/#\/schema\/logo\/image\/"}}]}},"_links":{"self":[{"href":"https:\/\/www.batimeo.com\/index.php?rest_route=\/wp\/v2\/pages\/388","targetHints":{"allow":["GET"]}}],"collection":[{"href":"https:\/\/www.batimeo.com\/index.php?rest_route=\/wp\/v2\/pages"}],"about":[{"href":"https:\/\/www.batimeo.com\/index.php?rest_route=\/wp\/v2\/types\/page"}],"author":[{"embeddable":true,"href":"https:\/\/www.batimeo.com\/index.php?rest_route=\/wp\/v2\/users\/1"}],"replies":[{"embeddable":true,"href":"https:\/\/www.batimeo.com\/index.php?rest_route=%2Fwp%2Fv2%2Fcomments&post=388"}],"version-history":[{"count":14,"href":"https:\/\/www.batimeo.com\/index.php?rest_route=\/wp\/v2\/pages\/388\/revisions"}],"predecessor-version":[{"id":573,"href":"https:\/\/www.batimeo.com\/index.php?rest_route=\/wp\/v2\/pages\/388\/revisions\/573"}],"wp:attachment":[{"href":"https:\/\/www.batimeo.com\/index.php?rest_route=%2Fwp%2Fv2%2Fmedia&parent=388"}],"curies":[{"name":"wp","href":"https:\/\/api.w.org\/{rel}","templated":true}]}}