{"id":456,"date":"2024-03-26T12:28:12","date_gmt":"2024-03-26T11:28:12","guid":{"rendered":"https:\/\/www.batimeo.com\/?page_id=456"},"modified":"2025-05-08T22:09:48","modified_gmt":"2025-05-08T20:09:48","slug":"accueil","status":"publish","type":"page","link":"https:\/\/www.batimeo.com\/","title":{"rendered":"Accueil"},"content":{"rendered":"\t\t<div data-elementor-type=\"wp-page\" data-elementor-id=\"456\" class=\"elementor elementor-456\">\n\t\t\t\t<div class=\"elementor-element elementor-element-11c7a90 e-flex e-con-boxed e-con e-parent\" data-id=\"11c7a90\" data-element_type=\"container\" data-e-type=\"container\">\n\t\t\t\t\t<div class=\"e-con-inner\">\n\t\t\t\t<div class=\"elementor-element elementor-element-30ad176 elementor-widget elementor-widget-image\" data-id=\"30ad176\" data-element_type=\"widget\" data-e-type=\"widget\" data-widget_type=\"image.default\">\n\t\t\t\t<div class=\"elementor-widget-container\">\n\t\t\t\t\t\t\t\t\t\t\t\t\t\t\t<img fetchpriority=\"high\" decoding=\"async\" width=\"923\" height=\"554\" src=\"https:\/\/www.batimeo.com\/wp-content\/uploads\/2020\/02\/cropped-site_radio-scaled-1-1024x615.jpg\" class=\"attachment-large size-large wp-image-201\" alt=\"\" srcset=\"https:\/\/www.batimeo.com\/wp-content\/uploads\/2020\/02\/cropped-site_radio-scaled-1-1024x615.jpg 1024w, https:\/\/www.batimeo.com\/wp-content\/uploads\/2020\/02\/cropped-site_radio-scaled-1-300x180.jpg 300w, https:\/\/www.batimeo.com\/wp-content\/uploads\/2020\/02\/cropped-site_radio-scaled-1-768x461.jpg 768w, https:\/\/www.batimeo.com\/wp-content\/uploads\/2020\/02\/cropped-site_radio-scaled-1-1536x922.jpg 1536w, https:\/\/www.batimeo.com\/wp-content\/uploads\/2020\/02\/cropped-site_radio-scaled-1.jpg 2000w\" sizes=\"(max-width: 923px) 100vw, 923px\" \/>\t\t\t\t\t\t\t\t\t\t\t\t\t\t\t<\/div>\n\t\t\t\t<\/div>\n\t\t\t\t<div class=\"elementor-element elementor-element-076b74b elementor-widget elementor-widget-heading\" data-id=\"076b74b\" data-element_type=\"widget\" data-e-type=\"widget\" data-widget_type=\"heading.default\">\n\t\t\t\t<div class=\"elementor-widget-container\">\n\t\t\t\t\t<span class=\"elementor-heading-title elementor-size-default\">Depuis sa cr\u00e9ation en 2007, BATIMEO s\u2019est impos\u00e9e comme un acteur reconnu\ndans le domaine des installations radio et t\u00e9l\u00e9communication.\n\nSp\u00e9cialis\u00e9s dans les projets techniques complexes, nous mettons \u00e0 votre service notre expertise compl\u00e8te, du g\u00e9nie civil au montage de pyl\u00f4nes, en passant par la mise en \u0153uvre de zone technique et des infrastructures cl\u00e9s en main.\n\nNotre force repose sur une \u00e9quipe hautement qualifi\u00e9e, r\u00e9guli\u00e8rement form\u00e9e, habilit\u00e9e\net engag\u00e9e dans une d\u00e9marche de s\u00e9curit\u00e9 et de respect de l\u2019environnement.\n\nChaque projet est conduit avec rigueur et professionnalisme, dans le respect des normes en vigueur et des attentes de nos clients.\n<\/span>\t\t\t\t<\/div>\n\t\t\t\t<\/div>\n\t\t\t\t\t<\/div>\n\t\t\t\t<\/div>\n\t\t<div class=\"elementor-element elementor-element-9b74033 e-grid e-con-boxed e-con e-parent\" data-id=\"9b74033\" data-element_type=\"container\" data-e-type=\"container\">\n\t\t\t\t\t<div class=\"e-con-inner\">\n\t\t\t\t<div class=\"elementor-element elementor-element-1c439b5 elementor-widget elementor-widget-image\" data-id=\"1c439b5\" data-element_type=\"widget\" data-e-type=\"widget\" data-widget_type=\"image.default\">\n\t\t\t\t<div class=\"elementor-widget-container\">\n\t\t\t\t\t\t\t\t\t\t\t\t<figure class=\"wp-caption\">\n\t\t\t\t\t\t\t\t\t\t<img decoding=\"async\" width=\"150\" height=\"150\" src=\"https:\/\/www.batimeo.com\/wp-content\/uploads\/2020\/02\/antenne_5G-2-150x150.jpg\" class=\"attachment-thumbnail size-thumbnail wp-image-214\" alt=\"\" srcset=\"https:\/\/www.batimeo.com\/wp-content\/uploads\/2020\/02\/antenne_5G-2-150x150.jpg 150w, https:\/\/www.batimeo.com\/wp-content\/uploads\/2020\/02\/antenne_5G-2-100x100.jpg 100w\" sizes=\"(max-width: 150px) 100vw, 150px\" \/>\t\t\t\t\t\t\t\t\t\t\t<figcaption class=\"widget-image-caption wp-caption-text\">Site Outdoor<\/figcaption>\n\t\t\t\t\t\t\t\t\t\t<\/figure>\n\t\t\t\t\t\t\t\t\t<\/div>\n\t\t\t\t<\/div>\n\t\t\t\t<div class=\"elementor-element elementor-element-99b1fc0 elementor-widget elementor-widget-image\" data-id=\"99b1fc0\" data-element_type=\"widget\" data-e-type=\"widget\" data-widget_type=\"image.default\">\n\t\t\t\t<div class=\"elementor-widget-container\">\n\t\t\t\t\t\t\t\t\t\t\t\t<figure class=\"wp-caption\">\n\t\t\t\t\t\t\t\t\t\t<img decoding=\"async\" width=\"150\" height=\"150\" src=\"https:\/\/www.batimeo.com\/wp-content\/uploads\/2022\/10\/AXIS-150x150.webp\" class=\"attachment-thumbnail size-thumbnail wp-image-394\" alt=\"\" srcset=\"https:\/\/www.batimeo.com\/wp-content\/uploads\/2022\/10\/AXIS-150x150.webp 150w, https:\/\/www.batimeo.com\/wp-content\/uploads\/2022\/10\/AXIS-300x300.webp 300w\" sizes=\"(max-width: 150px) 100vw, 150px\" \/>\t\t\t\t\t\t\t\t\t\t\t<figcaption class=\"widget-image-caption wp-caption-text\">Vid\u00e9o Surveillance<\/figcaption>\n\t\t\t\t\t\t\t\t\t\t<\/figure>\n\t\t\t\t\t\t\t\t\t<\/div>\n\t\t\t\t<\/div>\n\t\t\t\t<div class=\"elementor-element elementor-element-51f393d elementor-widget elementor-widget-image\" data-id=\"51f393d\" data-element_type=\"widget\" data-e-type=\"widget\" data-widget_type=\"image.default\">\n\t\t\t\t<div class=\"elementor-widget-container\">\n\t\t\t\t\t\t\t\t\t\t\t\t<figure class=\"wp-caption\">\n\t\t\t\t\t\t\t\t\t\t<img loading=\"lazy\" decoding=\"async\" width=\"150\" height=\"150\" src=\"https:\/\/www.batimeo.com\/wp-content\/uploads\/2022\/10\/cropped-IMG_0340-scaled-1-150x150.jpg\" class=\"attachment-thumbnail size-thumbnail wp-image-386\" alt=\"\" srcset=\"https:\/\/www.batimeo.com\/wp-content\/uploads\/2022\/10\/cropped-IMG_0340-scaled-1-150x150.jpg 150w, https:\/\/www.batimeo.com\/wp-content\/uploads\/2022\/10\/cropped-IMG_0340-scaled-1-300x300.jpg 300w\" sizes=\"(max-width: 150px) 100vw, 150px\" \/>\t\t\t\t\t\t\t\t\t\t\t<figcaption class=\"widget-image-caption wp-caption-text\">Travaux en hauteur<\/figcaption>\n\t\t\t\t\t\t\t\t\t\t<\/figure>\n\t\t\t\t\t\t\t\t\t<\/div>\n\t\t\t\t<\/div>\n\t\t\t\t<div class=\"elementor-element elementor-element-e69f9bb elementor-widget elementor-widget-image\" data-id=\"e69f9bb\" data-element_type=\"widget\" data-e-type=\"widget\" data-widget_type=\"image.default\">\n\t\t\t\t<div class=\"elementor-widget-container\">\n\t\t\t\t\t\t\t\t\t\t\t\t<figure class=\"wp-caption\">\n\t\t\t\t\t\t\t\t\t\t<img loading=\"lazy\" decoding=\"async\" width=\"150\" height=\"150\" src=\"https:\/\/www.batimeo.com\/wp-content\/uploads\/2022\/10\/IMG_3683-150x150.jpg\" class=\"attachment-thumbnail size-thumbnail wp-image-302\" alt=\"\" srcset=\"https:\/\/www.batimeo.com\/wp-content\/uploads\/2022\/10\/IMG_3683-150x150.jpg 150w, https:\/\/www.batimeo.com\/wp-content\/uploads\/2022\/10\/IMG_3683-100x100.jpg 100w\" sizes=\"(max-width: 150px) 100vw, 150px\" \/>\t\t\t\t\t\t\t\t\t\t\t<figcaption class=\"widget-image-caption wp-caption-text\">Borne de recharge<\/figcaption>\n\t\t\t\t\t\t\t\t\t\t<\/figure>\n\t\t\t\t\t\t\t\t\t<\/div>\n\t\t\t\t<\/div>\n\t\t\t\t<div class=\"elementor-element elementor-element-df3131e elementor-widget elementor-widget-image\" data-id=\"df3131e\" data-element_type=\"widget\" data-e-type=\"widget\" data-widget_type=\"image.default\">\n\t\t\t\t<div class=\"elementor-widget-container\">\n\t\t\t\t\t\t\t\t\t\t\t\t<figure class=\"wp-caption\">\n\t\t\t\t\t\t\t\t\t\t<img loading=\"lazy\" decoding=\"async\" width=\"150\" height=\"150\" src=\"https:\/\/www.batimeo.com\/wp-content\/uploads\/2022\/10\/irve_batimeo-150x150.png\" class=\"attachment-thumbnail size-thumbnail wp-image-341\" alt=\"\" srcset=\"https:\/\/www.batimeo.com\/wp-content\/uploads\/2022\/10\/irve_batimeo-150x150.png 150w, https:\/\/www.batimeo.com\/wp-content\/uploads\/2022\/10\/irve_batimeo.png 300w\" sizes=\"(max-width: 150px) 100vw, 150px\" \/>\t\t\t\t\t\t\t\t\t\t\t<figcaption class=\"widget-image-caption wp-caption-text\">Personnel certifi\u00e9<\/figcaption>\n\t\t\t\t\t\t\t\t\t\t<\/figure>\n\t\t\t\t\t\t\t\t\t<\/div>\n\t\t\t\t<\/div>\n\t\t\t\t<div class=\"elementor-element elementor-element-56ea5f4 elementor-widget elementor-widget-image\" data-id=\"56ea5f4\" data-element_type=\"widget\" data-e-type=\"widget\" data-widget_type=\"image.default\">\n\t\t\t\t<div class=\"elementor-widget-container\">\n\t\t\t\t\t\t\t\t\t\t\t\t<figure class=\"wp-caption\">\n\t\t\t\t\t\t\t\t\t\t<img loading=\"lazy\" decoding=\"async\" width=\"150\" height=\"150\" src=\"https:\/\/www.batimeo.com\/wp-content\/uploads\/2020\/01\/coupleurs-umts-150x150.gif\" class=\"attachment-thumbnail size-thumbnail wp-image-190\" alt=\"\" \/>\t\t\t\t\t\t\t\t\t\t\t<figcaption class=\"widget-image-caption wp-caption-text\">Site Indoor<\/figcaption>\n\t\t\t\t\t\t\t\t\t\t<\/figure>\n\t\t\t\t\t\t\t\t\t<\/div>\n\t\t\t\t<\/div>\n\t\t\t\t\t<\/div>\n\t\t\t\t<\/div>\n\t\t\t\t<\/div>\n\t\t","protected":false},"excerpt":{"rendered":"<p>Depuis sa cr\u00e9ation en 2007, BATIMEO s\u2019est impos\u00e9e comme un acteur reconnu dans le domaine des installations radio et t\u00e9l\u00e9communication. Sp\u00e9cialis\u00e9s dans les projets techniques complexes, nous mettons \u00e0 votre service notre expertise compl\u00e8te, du g\u00e9nie civil au montage de pyl\u00f4nes, en passant par la mise en \u0153uvre de zone technique et des infrastructures cl\u00e9s&hellip;<\/p>\n","protected":false},"author":1,"featured_media":0,"parent":0,"menu_order":0,"comment_status":"closed","ping_status":"closed","template":"","meta":{"footnotes":""},"class_list":["post-456","page","type-page","status-publish","hentry"],"yoast_head":"<!-- This site is optimized with the Yoast SEO plugin v25.0 - https:\/\/yoast.com\/wordpress\/plugins\/seo\/ -->\n<title>Accueil - Bienvenue chez Batimeo<\/title>\n<meta name=\"robots\" content=\"index, follow, max-snippet:-1, max-image-preview:large, max-video-preview:-1\" \/>\n<link rel=\"canonical\" href=\"https:\/\/www.batimeo.com\/\" \/>\n<meta property=\"og:locale\" content=\"fr_FR\" \/>\n<meta property=\"og:type\" content=\"article\" \/>\n<meta property=\"og:title\" content=\"Accueil - Bienvenue chez Batimeo\" \/>\n<meta property=\"og:description\" content=\"Depuis sa cr\u00e9ation en 2007, BATIMEO s\u2019est impos\u00e9e comme un acteur reconnu dans le domaine des installations radio et t\u00e9l\u00e9communication. Sp\u00e9cialis\u00e9s dans les projets techniques complexes, nous mettons \u00e0 votre service notre expertise compl\u00e8te, du g\u00e9nie civil au montage de pyl\u00f4nes, en passant par la mise en \u0153uvre de zone technique et des infrastructures cl\u00e9s&hellip;\" \/>\n<meta property=\"og:url\" content=\"https:\/\/www.batimeo.com\/\" \/>\n<meta property=\"og:site_name\" content=\"Bienvenue chez Batimeo\" \/>\n<meta property=\"article:modified_time\" content=\"2025-05-08T20:09:48+00:00\" \/>\n<meta property=\"og:image\" content=\"https:\/\/www.batimeo.com\/wp-content\/uploads\/2020\/02\/cropped-site_radio-scaled-1.jpg\" \/>\n\t<meta property=\"og:image:width\" content=\"2000\" \/>\n\t<meta property=\"og:image:height\" content=\"1201\" \/>\n\t<meta property=\"og:image:type\" content=\"image\/jpeg\" \/>\n<meta name=\"twitter:card\" content=\"summary_large_image\" \/>\n<meta name=\"twitter:label1\" content=\"Dur\u00e9e de lecture estim\u00e9e\" \/>\n\t<meta name=\"twitter:data1\" content=\"2 minutes\" \/>\n<script type=\"application\/ld+json\" class=\"yoast-schema-graph\">{\"@context\":\"https:\/\/schema.org\",\"@graph\":[{\"@type\":\"WebPage\",\"@id\":\"https:\/\/www.batimeo.com\/\",\"url\":\"https:\/\/www.batimeo.com\/\",\"name\":\"Accueil - Bienvenue chez Batimeo\",\"isPartOf\":{\"@id\":\"https:\/\/www.batimeo.com\/#website\"},\"primaryImageOfPage\":{\"@id\":\"https:\/\/www.batimeo.com\/#primaryimage\"},\"image\":{\"@id\":\"https:\/\/www.batimeo.com\/#primaryimage\"},\"thumbnailUrl\":\"https:\/\/www.batimeo.com\/wp-content\/uploads\/2020\/02\/cropped-site_radio-scaled-1-1024x615.jpg\",\"datePublished\":\"2024-03-26T11:28:12+00:00\",\"dateModified\":\"2025-05-08T20:09:48+00:00\",\"breadcrumb\":{\"@id\":\"https:\/\/www.batimeo.com\/#breadcrumb\"},\"inLanguage\":\"fr-FR\",\"potentialAction\":[{\"@type\":\"ReadAction\",\"target\":[\"https:\/\/www.batimeo.com\/\"]}]},{\"@type\":\"ImageObject\",\"inLanguage\":\"fr-FR\",\"@id\":\"https:\/\/www.batimeo.com\/#primaryimage\",\"url\":\"https:\/\/www.batimeo.com\/wp-content\/uploads\/2020\/02\/cropped-site_radio-scaled-1.jpg\",\"contentUrl\":\"https:\/\/www.batimeo.com\/wp-content\/uploads\/2020\/02\/cropped-site_radio-scaled-1.jpg\",\"width\":2000,\"height\":1201},{\"@type\":\"BreadcrumbList\",\"@id\":\"https:\/\/www.batimeo.com\/#breadcrumb\",\"itemListElement\":[{\"@type\":\"ListItem\",\"position\":1,\"name\":\"Accueil\",\"item\":\"https:\/\/www.batimeo.com\/\"},{\"@type\":\"ListItem\",\"position\":2,\"name\":\"Accueil\"}]},{\"@type\":\"WebSite\",\"@id\":\"https:\/\/www.batimeo.com\/#website\",\"url\":\"https:\/\/www.batimeo.com\/\",\"name\":\"Batimeo.com\",\"description\":\"Une \u00e9quipe de professionnels \u00e0 votre \u00e9coute.\",\"publisher\":{\"@id\":\"https:\/\/www.batimeo.com\/#organization\"},\"potentialAction\":[{\"@type\":\"SearchAction\",\"target\":{\"@type\":\"EntryPoint\",\"urlTemplate\":\"https:\/\/www.batimeo.com\/?s={search_term_string}\"},\"query-input\":{\"@type\":\"PropertyValueSpecification\",\"valueRequired\":true,\"valueName\":\"search_term_string\"}}],\"inLanguage\":\"fr-FR\"},{\"@type\":\"Organization\",\"@id\":\"https:\/\/www.batimeo.com\/#organization\",\"name\":\"Batimeo\",\"url\":\"https:\/\/www.batimeo.com\/\",\"logo\":{\"@type\":\"ImageObject\",\"inLanguage\":\"fr-FR\",\"@id\":\"https:\/\/www.batimeo.com\/#\/schema\/logo\/image\/\",\"url\":\"https:\/\/www.batimeo.com\/wp-content\/uploads\/2022\/10\/logo-batimeo_email.jpg\",\"contentUrl\":\"https:\/\/www.batimeo.com\/wp-content\/uploads\/2022\/10\/logo-batimeo_email.jpg\",\"width\":113,\"height\":37,\"caption\":\"Batimeo\"},\"image\":{\"@id\":\"https:\/\/www.batimeo.com\/#\/schema\/logo\/image\/\"}}]}<\/script>\n<!-- \/ Yoast SEO plugin. -->","yoast_head_json":{"title":"Accueil - Bienvenue chez Batimeo","robots":{"index":"index","follow":"follow","max-snippet":"max-snippet:-1","max-image-preview":"max-image-preview:large","max-video-preview":"max-video-preview:-1"},"canonical":"https:\/\/www.batimeo.com\/","og_locale":"fr_FR","og_type":"article","og_title":"Accueil - Bienvenue chez Batimeo","og_description":"Depuis sa cr\u00e9ation en 2007, BATIMEO s\u2019est impos\u00e9e comme un acteur reconnu dans le domaine des installations radio et t\u00e9l\u00e9communication. Sp\u00e9cialis\u00e9s dans les projets techniques complexes, nous mettons \u00e0 votre service notre expertise compl\u00e8te, du g\u00e9nie civil au montage de pyl\u00f4nes, en passant par la mise en \u0153uvre de zone technique et des infrastructures cl\u00e9s&hellip;","og_url":"https:\/\/www.batimeo.com\/","og_site_name":"Bienvenue chez Batimeo","article_modified_time":"2025-05-08T20:09:48+00:00","og_image":[{"width":2000,"height":1201,"url":"https:\/\/www.batimeo.com\/wp-content\/uploads\/2020\/02\/cropped-site_radio-scaled-1.jpg","type":"image\/jpeg"}],"twitter_card":"summary_large_image","twitter_misc":{"Dur\u00e9e de lecture estim\u00e9e":"2 minutes"},"schema":{"@context":"https:\/\/schema.org","@graph":[{"@type":"WebPage","@id":"https:\/\/www.batimeo.com\/","url":"https:\/\/www.batimeo.com\/","name":"Accueil - Bienvenue chez Batimeo","isPartOf":{"@id":"https:\/\/www.batimeo.com\/#website"},"primaryImageOfPage":{"@id":"https:\/\/www.batimeo.com\/#primaryimage"},"image":{"@id":"https:\/\/www.batimeo.com\/#primaryimage"},"thumbnailUrl":"https:\/\/www.batimeo.com\/wp-content\/uploads\/2020\/02\/cropped-site_radio-scaled-1-1024x615.jpg","datePublished":"2024-03-26T11:28:12+00:00","dateModified":"2025-05-08T20:09:48+00:00","breadcrumb":{"@id":"https:\/\/www.batimeo.com\/#breadcrumb"},"inLanguage":"fr-FR","potentialAction":[{"@type":"ReadAction","target":["https:\/\/www.batimeo.com\/"]}]},{"@type":"ImageObject","inLanguage":"fr-FR","@id":"https:\/\/www.batimeo.com\/#primaryimage","url":"https:\/\/www.batimeo.com\/wp-content\/uploads\/2020\/02\/cropped-site_radio-scaled-1.jpg","contentUrl":"https:\/\/www.batimeo.com\/wp-content\/uploads\/2020\/02\/cropped-site_radio-scaled-1.jpg","width":2000,"height":1201},{"@type":"BreadcrumbList","@id":"https:\/\/www.batimeo.com\/#breadcrumb","itemListElement":[{"@type":"ListItem","position":1,"name":"Accueil","item":"https:\/\/www.batimeo.com\/"},{"@type":"ListItem","position":2,"name":"Accueil"}]},{"@type":"WebSite","@id":"https:\/\/www.batimeo.com\/#website","url":"https:\/\/www.batimeo.com\/","name":"Batimeo.com","description":"Une \u00e9quipe de professionnels \u00e0 votre \u00e9coute.","publisher":{"@id":"https:\/\/www.batimeo.com\/#organization"},"potentialAction":[{"@type":"SearchAction","target":{"@type":"EntryPoint","urlTemplate":"https:\/\/www.batimeo.com\/?s={search_term_string}"},"query-input":{"@type":"PropertyValueSpecification","valueRequired":true,"valueName":"search_term_string"}}],"inLanguage":"fr-FR"},{"@type":"Organization","@id":"https:\/\/www.batimeo.com\/#organization","name":"Batimeo","url":"https:\/\/www.batimeo.com\/","logo":{"@type":"ImageObject","inLanguage":"fr-FR","@id":"https:\/\/www.batimeo.com\/#\/schema\/logo\/image\/","url":"https:\/\/www.batimeo.com\/wp-content\/uploads\/2022\/10\/logo-batimeo_email.jpg","contentUrl":"https:\/\/www.batimeo.com\/wp-content\/uploads\/2022\/10\/logo-batimeo_email.jpg","width":113,"height":37,"caption":"Batimeo"},"image":{"@id":"https:\/\/www.batimeo.com\/#\/schema\/logo\/image\/"}}]}},"_links":{"self":[{"href":"https:\/\/www.batimeo.com\/index.php?rest_route=\/wp\/v2\/pages\/456","targetHints":{"allow":["GET"]}}],"collection":[{"href":"https:\/\/www.batimeo.com\/index.php?rest_route=\/wp\/v2\/pages"}],"about":[{"href":"https:\/\/www.batimeo.com\/index.php?rest_route=\/wp\/v2\/types\/page"}],"author":[{"embeddable":true,"href":"https:\/\/www.batimeo.com\/index.php?rest_route=\/wp\/v2\/users\/1"}],"replies":[{"embeddable":true,"href":"https:\/\/www.batimeo.com\/index.php?rest_route=%2Fwp%2Fv2%2Fcomments&post=456"}],"version-history":[{"count":31,"href":"https:\/\/www.batimeo.com\/index.php?rest_route=\/wp\/v2\/pages\/456\/revisions"}],"predecessor-version":[{"id":518,"href":"https:\/\/www.batimeo.com\/index.php?rest_route=\/wp\/v2\/pages\/456\/revisions\/518"}],"wp:attachment":[{"href":"https:\/\/www.batimeo.com\/index.php?rest_route=%2Fwp%2Fv2%2Fmedia&parent=456"}],"curies":[{"name":"wp","href":"https:\/\/api.w.org\/{rel}","templated":true}]}}